{"id":58,"date":"2021-02-17T15:53:21","date_gmt":"2021-02-17T14:53:21","guid":{"rendered":"https:\/\/veterinarska-stanica-journal.hr\/?page_id=58"},"modified":"2024-09-03T11:10:10","modified_gmt":"2024-09-03T09:10:10","slug":"rijec-urednika","status":"publish","type":"page","link":"https:\/\/journal.h3s.org\/?page_id=58","title":{"rendered":"Editor\u2019s note"},"content":{"rendered":"<div style=\"display:block; width:100%;height:80px;\"><h1 class=\"entry-title\" style=\"border:none;text-align:right;margin-top:-40px;\"><em>Rije\u010d urednika<\/em><\/h1><\/div>\r\n\r\n\r\n<div style=\"width: 45%; float: left; text-align: justify;\"><img loading=\"lazy\" decoding=\"async\" src=\"https:\/\/veterinarska-stanica-journal.hr\/wp-content\/uploads\/2024\/08\/MarkoSamardzija_DSC_5841_170_con7.jpg\" alt=\"Marko Samard\u017eija\" width=\"170\" height=\"170\" class=\"alignright size-full wp-image-7874\" srcset=\"https:\/\/journal.h3s.org\/wp-content\/uploads\/2024\/08\/MarkoSamardzija_DSC_5841_170_con7.jpg 170w, https:\/\/journal.h3s.org\/wp-content\/uploads\/2024\/08\/MarkoSamardzija_DSC_5841_170_con7-150x150.jpg 150w, https:\/\/journal.h3s.org\/wp-content\/uploads\/2024\/08\/MarkoSamardzija_DSC_5841_170_con7-120x120.jpg 120w\" sizes=\"auto, (max-width: 170px) 100vw, 170px\" \/><p>The journal &#8220;Veterinarska stanica&#8221; appeared in the second half of 1970 as a newspaper of the then Business Association of Veterinary Stations. Since then, several publishers have changed, the journal has occasionally stagnated, improved, and often had delays in publishing. The Croatian Veterinary Institute became the publisher of the journal on January 1, 2009. Since then, the journal has been published regularly six times a year, is well equipped and has an increased number of pages. The journal &#8220;Veterinarska stanica&#8221; is primarily intended for veterinary practitioners and is still sent free of charge. All articles published since issue 1, year 40, 2009 will be reachable here.<\/p>\r\n\r\n<p>Abstracts \/ Contents are indexed: SCOPUS, CAB Abstracts (Index Veterinarius, Veterinary Bulletin), Global Health, VetMed Resources, Food Science and Technology Abstracts (FSTA). <\/p>\r\n\r\n<p><a href=\"https:\/\/www.scimagojr.com\/journalsearch.php?q=21100828012&amp;tip=sid&amp;clean=0\" target=\"_blank\" rel=\"noopener noreferrer\">According to the SRJ Scimago journal and country rank journal Veterinarska stanica was ranked in Q3 for 2021.<\/a> <\/p>\r\n\r\n<p>The test online edition of the Veterinary Station journal was launched on November 5, 2019, in the year of marking the 50th anniversary of its publication, which we are extremely proud of. <\/p>\r\n\r\n<p>We believe that the online edition will provide current readers with opportunities that could not have been possible in the print edition. Thanks to linking articles both in the number in which they were published, and by category, topic and keywords, with additional visibility and recognition on the Internet and easier search, better and easier availability of content using mobile devices, the online edition is an important novelty in Veterinary stations. <\/p>\r\n\r\n<p>The printed edition will remain available to all interested users with a written request and registration. <\/p>\r\n\r\n<p>We hope that you will be happy to use the new opportunities in accessing content and information from future and previous issues of the <strong>Veterinary Station<\/strong> journal.<\/p>\r\n<p><strong>Marko Samard\u017eija<\/strong>,\u00a0PhD, Full Professor<\/p>\r\n\r\n<p>&nbsp;<\/p>\r\n<\/div>\r\n<div style=\"width: 45%; float: right; text-align: justify;\"><img loading=\"lazy\" decoding=\"async\" src=\"https:\/\/veterinarska-stanica-journal.hr\/wp-content\/uploads\/2024\/08\/MarkoSamardzija_DSC_5841_170_con7.jpg\" alt=\"Marko Samard\u017eija\" width=\"170\" height=\"170\" class=\"alignright size-full wp-image-7874\" srcset=\"https:\/\/journal.h3s.org\/wp-content\/uploads\/2024\/08\/MarkoSamardzija_DSC_5841_170_con7.jpg 170w, https:\/\/journal.h3s.org\/wp-content\/uploads\/2024\/08\/MarkoSamardzija_DSC_5841_170_con7-150x150.jpg 150w, https:\/\/journal.h3s.org\/wp-content\/uploads\/2024\/08\/MarkoSamardzija_DSC_5841_170_con7-120x120.jpg 120w\" sizes=\"auto, (max-width: 170px) 100vw, 170px\" \/><p>\u010casopis \u201eVeterinarska stanica\u201c pojavio se u drugoj polovini 1970. godine kao glasilo tada\u0161njeg Poslovnog udru\u017eenja veterinarskih stanica. Od tada se promijenilo nekoliko izdava\u010da, \u010dasopis je povremeno stagnirao, pobolj\u0161avao i \u010desto imao ka\u0161njenja u izla\u017eenju. Hrvatski veterinarski institut postaje izdava\u010dem \u010dasopisa 01. sije\u010dnja 2009. godine. Od tada \u010dasopis izlazi redovito \u0161est puta godi\u0161nje, kvalitetno je opremljen i ima pove\u0107an broj stranica. \u010casopis \u201eVeterinarska stanica\u201c prvenstveno je namijenjen veterinarima prakti\u010darima te se i danas besplatno \u0161alje. Svi \u010dlanci objavljeni od broja 1, godina 40, 2009. godina, bit \u0107e dostupni i ovdje.<\/p>\r\n<p>Sa\u017eetci\/Sadr\u017eaj su indeksirani: SCOPUS, CAB Abstracts (Index Veterinarius, Veterinary Bulletin), Global Health, VetMed Resources, Food Science and Technology Abstracts (FSTA).<\/p>\r\n<p><a href=\"https:\/\/www.scimagojr.com\/journalsearch.php?q=21100828012&amp;tip=sid&amp;clean=0\" target=\"_blank\" rel=\"noopener noreferrer\">Prema <em>SRJ Scimago journal and country rank<\/em> \u010dasopis Veterinarska stanica je svrstana u Q3 za 2021. godinu.<\/a><\/p>\r\n<p>Testno <em>online<\/em> izdanje \u010dasopisa <em>Veterinarska stanica<\/em> pokrenuto je 5. studenoga 2019. godine, u godini obilje\u017eavanja 50.-te obljetnice njezinog izla\u017eenja, na \u010demu smo izrazito ponosni.<\/p>\r\n<p>Vjerujemo da \u0107e <em>online<\/em> izdanje dosada\u0161njim \u010ditateljima pru\u017eiti mogu\u0107nosti koje u tiskanom izdanju nisu mogle biti mogu\u0107e. Zahvaljuju\u0107i povezivanju \u010dlanaka kako broju u kojem su izdani, tako i po kategoriji, temi te klju\u010dnim rije\u010dima, uz dodatnu vidljivost i prepoznatljivost na internetu i lak\u0161e pretra\u017eivanje, bolju i lak\u0161u dostupnost sadr\u017eaja kori\u0161tenjem mobilnih ure\u0111aja, <em>online<\/em> izdanje je va\u017ena novost u \u017eivotu Veterinarske stanice.<\/p>\r\n<p>Tiskano izdanje ostat \u0107e uz pisani zahtjev i registraciju dostupno svim zainteresiranim korisnicima.<\/p>\r\n<p>Nadamo se da \u0107ete sa zadovoljstvom koristiti nove mogu\u0107nosti u pristupu sadr\u017eajima i informacijama iz budu\u0107ih i dosada\u0161njih izdanja \u010dasopisa <strong>Veterinarska stanica<\/strong>.<\/p>\r\n<p>Prof. dr. sc. <strong>Marko Samard\u017eija<\/strong>\u00a0<\/p>\r\n<\/div><!-- \/wp:post-content -->","protected":false},"excerpt":{"rendered":"<p>Rije\u010d urednika The journal &#8220;Veterinarska stanica&#8221; appeared in the second half of 1970 as a newspaper of the then Business<\/p>\n","protected":false},"author":8,"featured_media":0,"parent":0,"menu_order":0,"comment_status":"closed","ping_status":"closed","template":"","meta":{"footnotes":""},"class_list":["post-58","page","type-page","status-publish","hentry"],"yoast_head":"<!-- This site is optimized with the Yoast SEO plugin v26.6 - https:\/\/yoast.com\/wordpress\/plugins\/seo\/ -->\n<title>Editor\u2019s note - CROATIAN VETERINARY JOURNAL<\/title>\n<meta name=\"description\" content=\"\u010dasopis veterinarska stanica rije\u010d urednika\" \/>\n<meta name=\"robots\" content=\"index, follow, max-snippet:-1, max-image-preview:large, max-video-preview:-1\" \/>\n<link rel=\"canonical\" href=\"https:\/\/journal.h3s.org\/?page_id=58\" \/>\n<meta property=\"og:locale\" content=\"en_GB\" \/>\n<meta property=\"og:type\" content=\"article\" \/>\n<meta property=\"og:title\" content=\"Editor\u2019s note - CROATIAN VETERINARY JOURNAL\" \/>\n<meta property=\"og:description\" content=\"\u010dasopis veterinarska stanica rije\u010d urednika\" \/>\n<meta property=\"og:url\" content=\"https:\/\/journal.h3s.org\/?page_id=58\" \/>\n<meta property=\"og:site_name\" content=\"CROATIAN VETERINARY JOURNAL\" \/>\n<meta property=\"article:publisher\" content=\"https:\/\/www.facebook.com\/pages\/Hrvatski%20Veterinarski%20Institut\/291017291058567\/\" \/>\n<meta property=\"article:modified_time\" content=\"2024-09-03T09:10:10+00:00\" \/>\n<meta property=\"og:image\" content=\"https:\/\/veterinarska-stanica-journal.hr\/wp-content\/uploads\/2024\/08\/MarkoSamardzija_DSC_5841_170_con7.jpg\" \/>\n<meta name=\"twitter:card\" content=\"summary_large_image\" \/>\n<meta name=\"twitter:label1\" content=\"Estimated reading time\" \/>\n\t<meta name=\"twitter:data1\" content=\"3 minutes\" \/>\n<script type=\"application\/ld+json\" class=\"yoast-schema-graph\">{\"@context\":\"https:\/\/schema.org\",\"@graph\":[{\"@type\":\"WebPage\",\"@id\":\"https:\/\/journal.h3s.org\/?page_id=58\",\"url\":\"https:\/\/journal.h3s.org\/?page_id=58\",\"name\":\"Editor\u2019s note - CROATIAN VETERINARY JOURNAL\",\"isPartOf\":{\"@id\":\"https:\/\/journal.h3s.org\/#website\"},\"primaryImageOfPage\":{\"@id\":\"https:\/\/journal.h3s.org\/?page_id=58#primaryimage\"},\"image\":{\"@id\":\"https:\/\/journal.h3s.org\/?page_id=58#primaryimage\"},\"thumbnailUrl\":\"https:\/\/veterinarska-stanica-journal.hr\/wp-content\/uploads\/2024\/08\/MarkoSamardzija_DSC_5841_170_con7.jpg\",\"datePublished\":\"2021-02-17T14:53:21+00:00\",\"dateModified\":\"2024-09-03T09:10:10+00:00\",\"description\":\"\u010dasopis veterinarska stanica rije\u010d urednika\",\"breadcrumb\":{\"@id\":\"https:\/\/journal.h3s.org\/?page_id=58#breadcrumb\"},\"inLanguage\":\"en-GB\",\"potentialAction\":[{\"@type\":\"ReadAction\",\"target\":[\"https:\/\/journal.h3s.org\/?page_id=58\"]}]},{\"@type\":\"ImageObject\",\"inLanguage\":\"en-GB\",\"@id\":\"https:\/\/journal.h3s.org\/?page_id=58#primaryimage\",\"url\":\"https:\/\/veterinarska-stanica-journal.hr\/wp-content\/uploads\/2024\/08\/MarkoSamardzija_DSC_5841_170_con7.jpg\",\"contentUrl\":\"https:\/\/veterinarska-stanica-journal.hr\/wp-content\/uploads\/2024\/08\/MarkoSamardzija_DSC_5841_170_con7.jpg\"},{\"@type\":\"BreadcrumbList\",\"@id\":\"https:\/\/journal.h3s.org\/?page_id=58#breadcrumb\",\"itemListElement\":[{\"@type\":\"ListItem\",\"position\":1,\"name\":\"Home\",\"item\":\"https:\/\/journal.h3s.org\/\"},{\"@type\":\"ListItem\",\"position\":2,\"name\":\"Editor\u2019s note\"}]},{\"@type\":\"WebSite\",\"@id\":\"https:\/\/journal.h3s.org\/#website\",\"url\":\"https:\/\/journal.h3s.org\/\",\"name\":\"VETERINARSKA STANICA\",\"description\":\"Journal of Croatian Veterinary Institute\",\"publisher\":{\"@id\":\"https:\/\/journal.h3s.org\/#organization\"},\"potentialAction\":[{\"@type\":\"SearchAction\",\"target\":{\"@type\":\"EntryPoint\",\"urlTemplate\":\"https:\/\/journal.h3s.org\/?s={search_term_string}\"},\"query-input\":{\"@type\":\"PropertyValueSpecification\",\"valueRequired\":true,\"valueName\":\"search_term_string\"}}],\"inLanguage\":\"en-GB\"},{\"@type\":\"Organization\",\"@id\":\"https:\/\/journal.h3s.org\/#organization\",\"name\":\"Veterinarska stanica\",\"url\":\"https:\/\/journal.h3s.org\/\",\"logo\":{\"@type\":\"ImageObject\",\"inLanguage\":\"en-GB\",\"@id\":\"https:\/\/journal.h3s.org\/#\/schema\/logo\/image\/\",\"url\":\"https:\/\/veterinarska-stanica-journal.hr\/wp-content\/uploads\/2021\/03\/veterinarska-stanica-casopis-hvi-728.png\",\"contentUrl\":\"https:\/\/veterinarska-stanica-journal.hr\/wp-content\/uploads\/2021\/03\/veterinarska-stanica-casopis-hvi-728.png\",\"width\":728,\"height\":90,\"caption\":\"Veterinarska stanica\"},\"image\":{\"@id\":\"https:\/\/journal.h3s.org\/#\/schema\/logo\/image\/\"},\"sameAs\":[\"https:\/\/www.facebook.com\/pages\/Hrvatski Veterinarski Institut\/291017291058567\/\",\"https:\/\/www.linkedin.com\/company\/croatian-veterinary-institute\/\",\"https:\/\/www.youtube.com\/watch?v=BFn739WHdcU&amp;amp;amp;t=2s\"]}]}<\/script>\n<!-- \/ Yoast SEO plugin. -->","yoast_head_json":{"title":"Editor\u2019s note - CROATIAN VETERINARY JOURNAL","description":"\u010dasopis veterinarska stanica rije\u010d urednika","robots":{"index":"index","follow":"follow","max-snippet":"max-snippet:-1","max-image-preview":"max-image-preview:large","max-video-preview":"max-video-preview:-1"},"canonical":"https:\/\/journal.h3s.org\/?page_id=58","og_locale":"en_GB","og_type":"article","og_title":"Editor\u2019s note - CROATIAN VETERINARY JOURNAL","og_description":"\u010dasopis veterinarska stanica rije\u010d urednika","og_url":"https:\/\/journal.h3s.org\/?page_id=58","og_site_name":"CROATIAN VETERINARY JOURNAL","article_publisher":"https:\/\/www.facebook.com\/pages\/Hrvatski%20Veterinarski%20Institut\/291017291058567\/","article_modified_time":"2024-09-03T09:10:10+00:00","og_image":[{"url":"https:\/\/veterinarska-stanica-journal.hr\/wp-content\/uploads\/2024\/08\/MarkoSamardzija_DSC_5841_170_con7.jpg","type":"","width":"","height":""}],"twitter_card":"summary_large_image","twitter_misc":{"Estimated reading time":"3 minutes"},"schema":{"@context":"https:\/\/schema.org","@graph":[{"@type":"WebPage","@id":"https:\/\/journal.h3s.org\/?page_id=58","url":"https:\/\/journal.h3s.org\/?page_id=58","name":"Editor\u2019s note - CROATIAN VETERINARY JOURNAL","isPartOf":{"@id":"https:\/\/journal.h3s.org\/#website"},"primaryImageOfPage":{"@id":"https:\/\/journal.h3s.org\/?page_id=58#primaryimage"},"image":{"@id":"https:\/\/journal.h3s.org\/?page_id=58#primaryimage"},"thumbnailUrl":"https:\/\/veterinarska-stanica-journal.hr\/wp-content\/uploads\/2024\/08\/MarkoSamardzija_DSC_5841_170_con7.jpg","datePublished":"2021-02-17T14:53:21+00:00","dateModified":"2024-09-03T09:10:10+00:00","description":"\u010dasopis veterinarska stanica rije\u010d urednika","breadcrumb":{"@id":"https:\/\/journal.h3s.org\/?page_id=58#breadcrumb"},"inLanguage":"en-GB","potentialAction":[{"@type":"ReadAction","target":["https:\/\/journal.h3s.org\/?page_id=58"]}]},{"@type":"ImageObject","inLanguage":"en-GB","@id":"https:\/\/journal.h3s.org\/?page_id=58#primaryimage","url":"https:\/\/veterinarska-stanica-journal.hr\/wp-content\/uploads\/2024\/08\/MarkoSamardzija_DSC_5841_170_con7.jpg","contentUrl":"https:\/\/veterinarska-stanica-journal.hr\/wp-content\/uploads\/2024\/08\/MarkoSamardzija_DSC_5841_170_con7.jpg"},{"@type":"BreadcrumbList","@id":"https:\/\/journal.h3s.org\/?page_id=58#breadcrumb","itemListElement":[{"@type":"ListItem","position":1,"name":"Home","item":"https:\/\/journal.h3s.org\/"},{"@type":"ListItem","position":2,"name":"Editor\u2019s note"}]},{"@type":"WebSite","@id":"https:\/\/journal.h3s.org\/#website","url":"https:\/\/journal.h3s.org\/","name":"VETERINARSKA STANICA","description":"Journal of Croatian Veterinary Institute","publisher":{"@id":"https:\/\/journal.h3s.org\/#organization"},"potentialAction":[{"@type":"SearchAction","target":{"@type":"EntryPoint","urlTemplate":"https:\/\/journal.h3s.org\/?s={search_term_string}"},"query-input":{"@type":"PropertyValueSpecification","valueRequired":true,"valueName":"search_term_string"}}],"inLanguage":"en-GB"},{"@type":"Organization","@id":"https:\/\/journal.h3s.org\/#organization","name":"Veterinarska stanica","url":"https:\/\/journal.h3s.org\/","logo":{"@type":"ImageObject","inLanguage":"en-GB","@id":"https:\/\/journal.h3s.org\/#\/schema\/logo\/image\/","url":"https:\/\/veterinarska-stanica-journal.hr\/wp-content\/uploads\/2021\/03\/veterinarska-stanica-casopis-hvi-728.png","contentUrl":"https:\/\/veterinarska-stanica-journal.hr\/wp-content\/uploads\/2021\/03\/veterinarska-stanica-casopis-hvi-728.png","width":728,"height":90,"caption":"Veterinarska stanica"},"image":{"@id":"https:\/\/journal.h3s.org\/#\/schema\/logo\/image\/"},"sameAs":["https:\/\/www.facebook.com\/pages\/Hrvatski Veterinarski Institut\/291017291058567\/","https:\/\/www.linkedin.com\/company\/croatian-veterinary-institute\/","https:\/\/www.youtube.com\/watch?v=BFn739WHdcU&amp;amp;amp;t=2s"]}]}},"_links":{"self":[{"href":"https:\/\/journal.h3s.org\/index.php?rest_route=\/wp\/v2\/pages\/58","targetHints":{"allow":["GET"]}}],"collection":[{"href":"https:\/\/journal.h3s.org\/index.php?rest_route=\/wp\/v2\/pages"}],"about":[{"href":"https:\/\/journal.h3s.org\/index.php?rest_route=\/wp\/v2\/types\/page"}],"author":[{"embeddable":true,"href":"https:\/\/journal.h3s.org\/index.php?rest_route=\/wp\/v2\/users\/8"}],"replies":[{"embeddable":true,"href":"https:\/\/journal.h3s.org\/index.php?rest_route=%2Fwp%2Fv2%2Fcomments&post=58"}],"version-history":[{"count":33,"href":"https:\/\/journal.h3s.org\/index.php?rest_route=\/wp\/v2\/pages\/58\/revisions"}],"predecessor-version":[{"id":7886,"href":"https:\/\/journal.h3s.org\/index.php?rest_route=\/wp\/v2\/pages\/58\/revisions\/7886"}],"wp:attachment":[{"href":"https:\/\/journal.h3s.org\/index.php?rest_route=%2Fwp%2Fv2%2Fmedia&parent=58"}],"curies":[{"name":"wp","href":"https:\/\/api.w.org\/{rel}","templated":true}]}}