{"id":54,"date":"2021-03-17T15:52:13","date_gmt":"2021-03-17T15:52:13","guid":{"rendered":"https:\/\/veterinarska-stanica-journal.hr\/?page_id=54"},"modified":"2023-06-29T11:36:26","modified_gmt":"2023-06-29T09:36:26","slug":"posalji-clanak","status":"publish","type":"page","link":"https:\/\/journal.h3s.org\/?page_id=54","title":{"rendered":"Submit article"},"content":{"rendered":"<div style=\"margin-bottom: 100px;\">\n<h3 style=\"text-align: center;\"><a href=\"mailto:smarko@vef.hr?subject=Veterinarska stanica :: Article submit ::\" title=\"sending by e-mail\" target=\"_blank\" rel=\"noopener noreferrer\"><button style=\"width:400px;height:100px;\"><strong>E-MAIL<\/strong><\/button><\/a><\/h3>\n<p><!--h3 style=\"text-align: center;\"><button style=\"width:400px;height:100px;\" title=\"soon\"><strong>ONLINE<\/strong>\n(u pripremi)<\/button><\/h3-->\n<\/div>\n<p><!--a href=\"https:\/\/mediavet.hr\/veterinarskastanica\/index.php\/veterinarskastanica\/about\/submissions\" rel=\"noopener noreferrer\" target=\"_blank\" title=\"po\u0161alji \u010dlanak kori\u0161tenjem online sustava\"--><!--\/a--><\/p>\n","protected":false},"excerpt":{"rendered":"<p>E-MAIL<\/p>\n","protected":false},"author":8,"featured_media":0,"parent":0,"menu_order":0,"comment_status":"closed","ping_status":"closed","template":"","meta":{"footnotes":""},"class_list":["post-54","page","type-page","status-publish","hentry"],"yoast_head":"<!-- This site is optimized with the Yoast SEO plugin v26.6 - https:\/\/yoast.com\/wordpress\/plugins\/seo\/ -->\n<title>Submit article - CROATIAN VETERINARY JOURNAL<\/title>\n<meta name=\"robots\" content=\"index, follow, max-snippet:-1, max-image-preview:large, max-video-preview:-1\" \/>\n<link rel=\"canonical\" href=\"https:\/\/journal.h3s.org\/?page_id=54\" \/>\n<meta property=\"og:locale\" content=\"en_GB\" \/>\n<meta property=\"og:type\" content=\"article\" \/>\n<meta property=\"og:title\" content=\"Submit article - CROATIAN VETERINARY JOURNAL\" \/>\n<meta property=\"og:description\" content=\"E-MAIL\" \/>\n<meta property=\"og:url\" content=\"https:\/\/journal.h3s.org\/?page_id=54\" \/>\n<meta property=\"og:site_name\" content=\"CROATIAN VETERINARY JOURNAL\" \/>\n<meta property=\"article:publisher\" content=\"https:\/\/www.facebook.com\/pages\/Hrvatski%20Veterinarski%20Institut\/291017291058567\/\" \/>\n<meta property=\"article:modified_time\" content=\"2023-06-29T09:36:26+00:00\" \/>\n<meta name=\"twitter:card\" content=\"summary_large_image\" \/>\n<meta name=\"twitter:label1\" content=\"Estimated reading time\" \/>\n\t<meta name=\"twitter:data1\" content=\"1 minute\" \/>\n<script type=\"application\/ld+json\" class=\"yoast-schema-graph\">{\"@context\":\"https:\/\/schema.org\",\"@graph\":[{\"@type\":\"WebPage\",\"@id\":\"https:\/\/journal.h3s.org\/?page_id=54\",\"url\":\"https:\/\/journal.h3s.org\/?page_id=54\",\"name\":\"Submit article - CROATIAN VETERINARY JOURNAL\",\"isPartOf\":{\"@id\":\"https:\/\/journal.h3s.org\/#website\"},\"datePublished\":\"2021-03-17T15:52:13+00:00\",\"dateModified\":\"2023-06-29T09:36:26+00:00\",\"breadcrumb\":{\"@id\":\"https:\/\/journal.h3s.org\/?page_id=54#breadcrumb\"},\"inLanguage\":\"en-GB\",\"potentialAction\":[{\"@type\":\"ReadAction\",\"target\":[\"https:\/\/journal.h3s.org\/?page_id=54\"]}]},{\"@type\":\"BreadcrumbList\",\"@id\":\"https:\/\/journal.h3s.org\/?page_id=54#breadcrumb\",\"itemListElement\":[{\"@type\":\"ListItem\",\"position\":1,\"name\":\"Home\",\"item\":\"https:\/\/journal.h3s.org\/\"},{\"@type\":\"ListItem\",\"position\":2,\"name\":\"Submit article\"}]},{\"@type\":\"WebSite\",\"@id\":\"https:\/\/journal.h3s.org\/#website\",\"url\":\"https:\/\/journal.h3s.org\/\",\"name\":\"VETERINARSKA STANICA\",\"description\":\"Journal of Croatian Veterinary Institute\",\"publisher\":{\"@id\":\"https:\/\/journal.h3s.org\/#organization\"},\"potentialAction\":[{\"@type\":\"SearchAction\",\"target\":{\"@type\":\"EntryPoint\",\"urlTemplate\":\"https:\/\/journal.h3s.org\/?s={search_term_string}\"},\"query-input\":{\"@type\":\"PropertyValueSpecification\",\"valueRequired\":true,\"valueName\":\"search_term_string\"}}],\"inLanguage\":\"en-GB\"},{\"@type\":\"Organization\",\"@id\":\"https:\/\/journal.h3s.org\/#organization\",\"name\":\"Veterinarska stanica\",\"url\":\"https:\/\/journal.h3s.org\/\",\"logo\":{\"@type\":\"ImageObject\",\"inLanguage\":\"en-GB\",\"@id\":\"https:\/\/journal.h3s.org\/#\/schema\/logo\/image\/\",\"url\":\"https:\/\/veterinarska-stanica-journal.hr\/wp-content\/uploads\/2021\/03\/veterinarska-stanica-casopis-hvi-728.png\",\"contentUrl\":\"https:\/\/veterinarska-stanica-journal.hr\/wp-content\/uploads\/2021\/03\/veterinarska-stanica-casopis-hvi-728.png\",\"width\":728,\"height\":90,\"caption\":\"Veterinarska stanica\"},\"image\":{\"@id\":\"https:\/\/journal.h3s.org\/#\/schema\/logo\/image\/\"},\"sameAs\":[\"https:\/\/www.facebook.com\/pages\/Hrvatski Veterinarski Institut\/291017291058567\/\",\"https:\/\/www.linkedin.com\/company\/croatian-veterinary-institute\/\",\"https:\/\/www.youtube.com\/watch?v=BFn739WHdcU&amp;amp;amp;t=2s\"]}]}<\/script>\n<!-- \/ Yoast SEO plugin. -->","yoast_head_json":{"title":"Submit article - CROATIAN VETERINARY JOURNAL","robots":{"index":"index","follow":"follow","max-snippet":"max-snippet:-1","max-image-preview":"max-image-preview:large","max-video-preview":"max-video-preview:-1"},"canonical":"https:\/\/journal.h3s.org\/?page_id=54","og_locale":"en_GB","og_type":"article","og_title":"Submit article - CROATIAN VETERINARY JOURNAL","og_description":"E-MAIL","og_url":"https:\/\/journal.h3s.org\/?page_id=54","og_site_name":"CROATIAN VETERINARY JOURNAL","article_publisher":"https:\/\/www.facebook.com\/pages\/Hrvatski%20Veterinarski%20Institut\/291017291058567\/","article_modified_time":"2023-06-29T09:36:26+00:00","twitter_card":"summary_large_image","twitter_misc":{"Estimated reading time":"1 minute"},"schema":{"@context":"https:\/\/schema.org","@graph":[{"@type":"WebPage","@id":"https:\/\/journal.h3s.org\/?page_id=54","url":"https:\/\/journal.h3s.org\/?page_id=54","name":"Submit article - CROATIAN VETERINARY JOURNAL","isPartOf":{"@id":"https:\/\/journal.h3s.org\/#website"},"datePublished":"2021-03-17T15:52:13+00:00","dateModified":"2023-06-29T09:36:26+00:00","breadcrumb":{"@id":"https:\/\/journal.h3s.org\/?page_id=54#breadcrumb"},"inLanguage":"en-GB","potentialAction":[{"@type":"ReadAction","target":["https:\/\/journal.h3s.org\/?page_id=54"]}]},{"@type":"BreadcrumbList","@id":"https:\/\/journal.h3s.org\/?page_id=54#breadcrumb","itemListElement":[{"@type":"ListItem","position":1,"name":"Home","item":"https:\/\/journal.h3s.org\/"},{"@type":"ListItem","position":2,"name":"Submit article"}]},{"@type":"WebSite","@id":"https:\/\/journal.h3s.org\/#website","url":"https:\/\/journal.h3s.org\/","name":"VETERINARSKA STANICA","description":"Journal of Croatian Veterinary Institute","publisher":{"@id":"https:\/\/journal.h3s.org\/#organization"},"potentialAction":[{"@type":"SearchAction","target":{"@type":"EntryPoint","urlTemplate":"https:\/\/journal.h3s.org\/?s={search_term_string}"},"query-input":{"@type":"PropertyValueSpecification","valueRequired":true,"valueName":"search_term_string"}}],"inLanguage":"en-GB"},{"@type":"Organization","@id":"https:\/\/journal.h3s.org\/#organization","name":"Veterinarska stanica","url":"https:\/\/journal.h3s.org\/","logo":{"@type":"ImageObject","inLanguage":"en-GB","@id":"https:\/\/journal.h3s.org\/#\/schema\/logo\/image\/","url":"https:\/\/veterinarska-stanica-journal.hr\/wp-content\/uploads\/2021\/03\/veterinarska-stanica-casopis-hvi-728.png","contentUrl":"https:\/\/veterinarska-stanica-journal.hr\/wp-content\/uploads\/2021\/03\/veterinarska-stanica-casopis-hvi-728.png","width":728,"height":90,"caption":"Veterinarska stanica"},"image":{"@id":"https:\/\/journal.h3s.org\/#\/schema\/logo\/image\/"},"sameAs":["https:\/\/www.facebook.com\/pages\/Hrvatski Veterinarski Institut\/291017291058567\/","https:\/\/www.linkedin.com\/company\/croatian-veterinary-institute\/","https:\/\/www.youtube.com\/watch?v=BFn739WHdcU&amp;amp;amp;t=2s"]}]}},"_links":{"self":[{"href":"https:\/\/journal.h3s.org\/index.php?rest_route=\/wp\/v2\/pages\/54","targetHints":{"allow":["GET"]}}],"collection":[{"href":"https:\/\/journal.h3s.org\/index.php?rest_route=\/wp\/v2\/pages"}],"about":[{"href":"https:\/\/journal.h3s.org\/index.php?rest_route=\/wp\/v2\/types\/page"}],"author":[{"embeddable":true,"href":"https:\/\/journal.h3s.org\/index.php?rest_route=\/wp\/v2\/users\/8"}],"replies":[{"embeddable":true,"href":"https:\/\/journal.h3s.org\/index.php?rest_route=%2Fwp%2Fv2%2Fcomments&post=54"}],"version-history":[{"count":43,"href":"https:\/\/journal.h3s.org\/index.php?rest_route=\/wp\/v2\/pages\/54\/revisions"}],"predecessor-version":[{"id":8755,"href":"https:\/\/journal.h3s.org\/index.php?rest_route=\/wp\/v2\/pages\/54\/revisions\/8755"}],"wp:attachment":[{"href":"https:\/\/journal.h3s.org\/index.php?rest_route=%2Fwp%2Fv2%2Fmedia&parent=54"}],"curies":[{"name":"wp","href":"https:\/\/api.w.org\/{rel}","templated":true}]}}