{"id":522,"date":"2021-03-19T16:09:21","date_gmt":"2021-03-19T16:09:21","guid":{"rendered":"https:\/\/veterinarska-stanica-journal.hr\/?page_id=522"},"modified":"2025-11-04T14:07:57","modified_gmt":"2025-11-04T13:07:57","slug":"casopis-veterinarska-stanica-journal-veterinary-station-aktualni-broj-current-issue","status":"publish","type":"page","link":"https:\/\/journal.h3s.org\/","title":{"rendered":"CROATIAN VETERINARY JOURNAL :: Current issue"},"content":{"rendered":"<p style=\"color: #b90000; text-align: center; font-size: 1em; margin-top: -20px; padding: 10px; border: 1px solid #b90000;\"><strong><u>Important<\/u>!<\/strong> From 1<sup>st<\/sup> of January of 2026 the name of Journal is going to be changed to Croatian Veterinary Journal (Abrreviation CRO. Vet. J.).<\/p>\n<p>&nbsp;<\/p>\n<div style=\"display: inline-block; float: right; margin-left: 20px; height: 1500px;\"><img loading=\"lazy\" decoding=\"async\" class=\"alignright size-full wp-image-8350\" src=\"https:\/\/veterinarska-stanica-journal.hr\/wp-content\/uploads\/2025\/03\/56-5.jpg\" alt=\"VETERINARSKA STANICA :: Aktualni broj\" width=\"300\" height=\"436\" srcset=\"https:\/\/journal.h3s.org\/wp-content\/uploads\/2025\/03\/56-5.jpg 300w, https:\/\/journal.h3s.org\/wp-content\/uploads\/2025\/03\/56-5-206x300.jpg 206w\" sizes=\"auto, (max-width: 300px) 100vw, 300px\" \/><a title=\"SCImago Journal &amp; Country Rank\" href=\"https:\/\/www.scimagojr.com\/journalsearch.php?q=21100828012&amp;tip=sid&amp;exact=no\" target=\"_blank\" rel=\"noopener\"><br \/>\n<img decoding=\"async\" class=\"alignright\" style=\"padding-top: 30px; padding-bottom: 30px;\" src=\"https:\/\/www.scimagojr.com\/journal_img.php?id=21100828012\" alt=\"SCImago Journal &amp; Country Rank\" border=\"0\" \/><br \/>\n<\/a><\/p>\n<div style=\"width: 250px; height: 100px; float: right;\">\n<p>&nbsp;<\/p>\n<h5 style=\"text-align: center;\">\u00b7 Resurchify \u2197<\/h5>\n<p>&nbsp;<\/p>\n<\/div>\n<p><a href=\"https:\/\/www.scopus.com\/sourceid\/21100828012\" target=\"_blank\" rel=\"noopener\"><br \/>\n<img loading=\"lazy\" decoding=\"async\" class=\"alignright size-full wp-image-4938\" style=\"padding-top: 30px; padding-bottom: 30px;\" src=\"https:\/\/veterinarska-stanica-journal.hr\/wp-content\/uploads\/2022\/05\/scopus.png\" alt=\"scopus\" width=\"200\" height=\"67\" \/><br \/>\n<\/a><\/p>\n<p><a href=\"https:\/\/www.crossref.org\/\" target=\"_blank\" rel=\"noopener\"><br \/>\n<img loading=\"lazy\" decoding=\"async\" class=\"alignright size-full wp-image-4935\" style=\"padding-top: 30px; padding-bottom: 30px;\" src=\"https:\/\/veterinarska-stanica-journal.hr\/wp-content\/uploads\/2022\/05\/crossref.png\" alt=\"crossref\" width=\"200\" height=\"67\" \/><br \/>\n<\/a><\/p>\n<p><a href=\"https:\/\/www.cabi.org\/\" target=\"_blank\" rel=\"noopener\"><br \/>\n<img loading=\"lazy\" decoding=\"async\" class=\"alignright size-full wp-image-4936\" style=\"padding-top: 30px; padding-bottom: 30px;\" src=\"https:\/\/veterinarska-stanica-journal.hr\/wp-content\/uploads\/2022\/05\/cabi.png\" alt=\"cabi\" width=\"200\" height=\"67\" \/><br \/>\n<\/a><\/p>\n<p><a href=\"https:\/\/hrcak.srce.hr\/veterinarska-stanica\" target=\"_blank\" rel=\"noopener\"><br \/>\n<img loading=\"lazy\" decoding=\"async\" class=\"alignright size-full wp-image-4937\" style=\"padding-top: 30px; padding-bottom: 30px;\" src=\"https:\/\/veterinarska-stanica-journal.hr\/wp-content\/uploads\/2022\/05\/hrcak.png\" alt=\"hrcak\" width=\"200\" height=\"67\" \/><br \/>\n<\/a><\/p>\n<\/div>\n<div>\n<div style=\"width: 750px; height: 120px; float: left;\"><img loading=\"lazy\" decoding=\"async\" class=\"aligncenter size-full wp-image-6024\" src=\"https:\/\/veterinarska-stanica-journal.hr\/wp-content\/uploads\/2023\/02\/veterinarska-stanica-2020-728-w.png\" alt=\"\" width=\"728\" height=\"73\" srcset=\"https:\/\/journal.h3s.org\/wp-content\/uploads\/2023\/02\/veterinarska-stanica-2020-728-w.png 728w, https:\/\/journal.h3s.org\/wp-content\/uploads\/2023\/02\/veterinarska-stanica-2020-728-w-300x30.png 300w\" sizes=\"auto, (max-width: 728px) 100vw, 728px\" \/><\/div>\n<h1 style=\"font-weight: bold; color: #26428a; text-align: center; font-size: 52px; \/*-webkit-text-stroke-width: 1px; -webkit-text-stroke-color: #26428a; -webkit-text-fill-color: white;\">56-5<\/h1>\n<hr \/>\n<\/div>\n<div style=\"width: 850px; padding: 60px 0px;\"><div class=\"issuem_articles_shortcode\"><div class=\"issuem_article article-8372\">\n<p class=\"issuem_article_category\">Original scientific articles<\/p>\r\n<p><a class=\"issuem_article_link\" href=\"https:\/\/journal.h3s.org\/?article=porcine-lymphotropic-herpesviruses-a-new-threat-to-domestic-pigs-in-croatia\">Porcine lymphotropic herpesviruses \u2013 a new threat to domestic pigs in Croatia<\/a><\/p>\r\n<p class=\"issuem_article_byline\" style=\"margin-top:-20px\">By M. Bo\u017eikovi\u0107*, J. Prpi\u0107, M. Kamber and L. Jemer\u0161i\u0107<\/p>\r\n<p class=\"issuem_article_byline\">\r\n<br>\r\n<\/p>\r\n\r\n<!--p class=\"issuem_article_content\"&gt;M. Bo\u017eikovi\u0107*, J. Prpi\u0107, M. Kamber and L. Jemer\u0161i\u0107 Margarita BO\u017dIKOVI\u0106*, DVM, (Corresponding author, e-mail: bozikovic@veinst.hr), Jelena PRPI\u0106, BSc, PhD,&lt;\/p-->\r\n\n<\/div><div class=\"issuem_article article-8388\">\n<p class=\"issuem_article_category\">Original scientific articles<\/p>\r\n<p><a class=\"issuem_article_link\" href=\"https:\/\/journal.h3s.org\/?article=seroprevalence-of-mycobacterium-avium-subsp-paratuberculosis-infections-in-small-ruminants-in-europe-a-systematic-review\">Seroprevalence of <em>Mycobacterium avium<\/em> subsp. <em>paratuberculosis<\/em> Infections in Small Ruminants in Europe \u2013 A Systematic Review<\/a><\/p>\r\n<p class=\"issuem_article_byline\" style=\"margin-top:-20px\">By H. Quintas*, J. Benavides, J. Jacob-Ferreira, P. Afonso and A. C. Coelho<\/p>\r\n<p class=\"issuem_article_byline\">\r\n<br>\r\n<\/p>\r\n\r\n<!--p class=\"issuem_article_content\"&gt;H. Quintas*, J. Benavides, J. Jacob-Ferreira, P. Afonso and A. C. Coelho H\u00e9lder QUINTAS*, (Corresponding author, e-mail: helder5tas@ipb.pt), DVM, MSc,&lt;\/p-->\r\n\n<\/div><div class=\"issuem_article article-8404\">\n<p class=\"issuem_article_category\">Original scientific articles<\/p>\r\n<p><a class=\"issuem_article_link\" href=\"https:\/\/journal.h3s.org\/?article=first-report-on-the-diversity-of-domestic-pigeons-columba-livia-using-plumage-coloration-and-patterning-in-saravena-arauca-colombia\">First report on the diversity of domestic pigeons (<em>Columba livia<\/em>) using plumage coloration and patterning in Saravena, Arauca, Colombia<\/a><\/p>\r\n<p class=\"issuem_article_byline\" style=\"margin-top:-20px\">By E. Pardo-P\u00e9rez*, M. S\u00e1nchez-Porras and M. Figueroa-Lozano<\/p>\r\n<p class=\"issuem_article_byline\">\r\n<br>\r\n<\/p>\r\n\r\n<!--p class=\"issuem_article_content\"&gt;E. Pardo-P\u00e9rez*, M. S\u00e1nchez-Porras and M. Figueroa-Lozano Enrique PARDO-P\u00c9REZ*, Bachelor's Degree in Biology-Chemistry, Master's Degree in Biology, Doctor in Science,&lt;\/p-->\r\n\n<\/div><div class=\"issuem_article article-8424\">\n<p class=\"issuem_article_category\">Original scientific articles<\/p>\r\n<p><a class=\"issuem_article_link\" href=\"https:\/\/journal.h3s.org\/?article=vaginal-cytology-and-progesterone-level-correlations-during-oestrous-cycle-monitoring-in-female-dogs\">Vaginal Cytology and Progesterone Level Correlations during Oestrous Cycle Monitoring in Female Dogs<\/a><\/p>\r\n<p class=\"issuem_article_byline\" style=\"margin-top:-20px\">By R. Belala, S. Kebbal, C. Mecherouk, R. Kaidi and N. Mimoune*<\/p>\r\n<p class=\"issuem_article_byline\">\r\n<br>\r\n<\/p>\r\n\r\n<!--p class=\"issuem_article_content\"&gt;R. Belala, S. Kebbal, C. Mecherouk, R. Kaidi and N. Mimoune* R\u00e9dha BELALA, Seddik KEBBAL, Biotechnologies Laboratory related to Animal&lt;\/p-->\r\n\n<\/div><div class=\"issuem_article article-8453\">\n<p class=\"issuem_article_category\">Original scientific articles<\/p>\r\n<p><a class=\"issuem_article_link\" href=\"https:\/\/journal.h3s.org\/?article=relationship-between-the-resumption-of-postpartum-ovarian-activity-and-the-metabolic-profile-of-holstein-cows-at-high-altitude-in-ecuador\">Relationship between the resumption of postpartum ovarian activity and the metabolic profile of Holstein cows at high altitude in Ecuador<\/a><\/p>\r\n<p class=\"issuem_article_byline\" style=\"margin-top:-20px\">By L. Balarezo Urresta, J. R. Garc\u00eda-D\u00edaz and R. Lima-Orozco*<\/p>\r\n<p class=\"issuem_article_byline\">\r\n<br>\r\n<\/p>\r\n\r\n<!--p class=\"issuem_article_content\"&gt;L. Balarezo Urresta, J. R. Garc\u00eda-D\u00edaz and R. Lima-Orozco* Luis BALAREZO URRESTA, PhD, Researcher, Universidad Polit\u00e9cnica del Carchi. Facultad de&lt;\/p-->\r\n\n<\/div><div class=\"issuem_article article-8471\">\n<p class=\"issuem_article_category\">Original scientific articles<\/p>\r\n<p><a class=\"issuem_article_link\" href=\"https:\/\/journal.h3s.org\/?article=characterization-of-growth-in-french-saddle-horses-using-non-linear-models-in-the-colombian-high-tropics\">Characterization of growth in French Saddle horses using non-linear models in the Colombian high tropics<\/a><\/p>\r\n<p class=\"issuem_article_byline\" style=\"margin-top:-20px\">By S. J. Calvo Cardona, J. J. Lopera Cuervo, S. Id\u00e1rraga-Bedoya*, J. Cuetia and L. G. Gonz\u00e1lez-Herrera<\/p>\r\n<p class=\"issuem_article_byline\">\r\n<br>\r\n<\/p>\r\n\r\n<!--p class=\"issuem_article_content\"&gt;S. J. Calvo Cardona, J. J. Lopera Cuervo, S. Id\u00e1rraga-Bedoya*, J. Cuetia and L. G. Gonz\u00e1lez-Herrera Samir J. CALVO CARDONA,&lt;\/p-->\r\n\n<\/div><div class=\"issuem_article article-8492\">\n<p class=\"issuem_article_category\">Original scientific articles<\/p>\r\n<p><a class=\"issuem_article_link\" href=\"https:\/\/journal.h3s.org\/?article=the-impact-of-in-ovo-administration-of-folic-acid-on-gga-mir-let-7k-5p-cyclin-d1-ccnd1-and-nerve-growth-factor-ngf-expression-in-the-cerebral-cortex-of-chicken-embryos\">The impact of <em>in ovo<\/em> administration of folic acid on gga-mir-let-7k-5p, Cyclin D1 (CCND1) and nerve growth factor (NGF) expression in the cerebral cortex of chicken embryos<\/a><\/p>\r\n<p class=\"issuem_article_byline\" style=\"margin-top:-20px\">By T. Khoshkenar, F. Mashayekhi*, M. Mottaghi and Z. Salehi<\/p>\r\n<p class=\"issuem_article_byline\">\r\n<br>\r\n<\/p>\r\n\r\n<!--p class=\"issuem_article_content\"&gt;T. Khoshkenar\u2020, F. Mashayekhi*, M. Mottaghi\u2020 and Z. Salehi Tara KHOSHKENAR, MSc, Farhad MASHAYEKHI*, (Corresponding author, e-mail: mashayekhi@guilan.ac.ir), PhD, Professor,&lt;\/p-->\r\n\n<\/div><div class=\"issuem_article article-8508\">\n<p class=\"issuem_article_category\">Original scientific articles<\/p>\r\n<p><a class=\"issuem_article_link\" href=\"https:\/\/journal.h3s.org\/?article=dependence-of-blood-biochemical-parameters-on-the-degree-of-microstructural-changes-in-chronic-pancreatitis-in-dogs\">Dependence of Blood Biochemical Parameters on the Degree of Microstructural Changes in Chronic Pancreatitis in Dogs<\/a><\/p>\r\n<p class=\"issuem_article_byline\" style=\"margin-top:-20px\">By V. Samoil\u0456uk*, M. Koziy, O. Semonov, D. Bilyi, D. Slusarenko and S. Maslikov<\/p>\r\n<p class=\"issuem_article_byline\">\r\n<br>\r\n<\/p>\r\n\r\n<!--p class=\"issuem_article_content\"&gt;V. Samoil\u0456uk*, M. Koziy, O. Semonov, D. Bilyi, D. Slusarenko and S. Maslikov Vyacheslav SAMOILIUK*, Candidate of Veterinary Sciences, Associate&lt;\/p-->\r\n\n<\/div><div class=\"issuem_article article-8440\">\n<p class=\"issuem_article_category\">Review articles<\/p>\r\n<p><a class=\"issuem_article_link\" href=\"https:\/\/journal.h3s.org\/?article=thyroid-hormones-in-female-and-male-reproduction-with-special-reference-to-dogs-and-cats\">Thyroid hormones in female and male reproduction with special reference to dogs and cats<\/a><\/p>\r\n<p class=\"issuem_article_byline\" style=\"margin-top:-20px\">By N. Petri\u010devi\u0107, A. Shek Vugrove\u010dki*, S. Milinkovi\u0107 Tur, S. Fruk, G. Jurki\u0107 Krsteska, S. Vince, K. Belegu, G. Mu\u00e7a, J. Pejakovi\u0107 Hlede, D. \u0110uri\u010di\u0107 and I. \u017dura \u017daja<\/p>\r\n<p class=\"issuem_article_byline\">\r\n<br>\r\n<\/p>\r\n\r\n<!--p class=\"issuem_article_content\"&gt;N. Petri\u010devi\u0107, A. Shek Vugrove\u010dki*, S. Milinkovi\u0107 Tur, S. Fruk, G. Jurki\u0107 Krsteska, S. Vince, K. Belegu, G. Mu\u00e7a, J.&lt;\/p-->\r\n\n<\/div><div class=\"issuem_article article-8436\">\n<p class=\"issuem_article_category\">Review articles<\/p>\r\n<p><a class=\"issuem_article_link\" href=\"https:\/\/journal.h3s.org\/?article=dynamics-between-cerebrospinal-fluid-and-aqueous-humour-are-they-bidirectional\">Dynamics between cerebrospinal fluid and aqueous humour \u2013 are they bidirectional?<\/a><\/p>\r\n<p class=\"issuem_article_byline\" style=\"margin-top:-20px\">By M. Mami\u0107, M. Matkovi\u0107, P. Dmitrovi\u0107, V. Plichta and B. Pirki\u0107<\/p>\r\n<p class=\"issuem_article_byline\">\r\n<br>\r\n<\/p>\r\n\r\n<!--p class=\"issuem_article_content\"&gt;M. Mami\u0107, M. Matkovi\u0107, P. Dmitrovi\u0107, V. Plichta and B. Pirki\u0107 Marija MAMI\u0106, DVM, Assistant, Mihovil MATKOVI\u0106, student, Petra DMITROVI\u0106,&lt;\/p-->\r\n\n<\/div><div class=\"issuem_article article-8363\">\n<p class=\"issuem_article_category\">Review articles<\/p>\r\n<p><a class=\"issuem_article_link\" href=\"https:\/\/journal.h3s.org\/?article=the-impact-of-using-bee-pollen-in-poultry-systems-apiculture\">The impact of using bee pollen in poultry systems: Apiculture<\/a><\/p>\r\n<p class=\"issuem_article_byline\" style=\"margin-top:-20px\">By Wafaa A. Abd El-Ghany*<\/p>\r\n<p class=\"issuem_article_byline\">\r\n<br>\r\n<\/p>\r\n\r\n<!--p class=\"issuem_article_content\"&gt;Wafaa A. Abd El-Ghany* Wafaa A. ABD EL-GHANY*, Poultry Diseases Department, Faculty of Veterinary Medicine, Cairo University, Giza, Egypt, (Corresponding&lt;\/p-->\r\n\n<\/div><div class=\"issuem_article article-8344\">\n<p class=\"issuem_article_category\">Original scientific articles<\/p>\r\n<p><a class=\"issuem_article_link\" href=\"https:\/\/journal.h3s.org\/?article=prognostic-factors-assessed-by-blood-analysis-at-the-time-of-patient-admission-for-horse-colic\">Prognostic factors assessed by blood analysis at the time of patient admission for horse colic<\/a><\/p>\r\n<p class=\"issuem_article_byline\" style=\"margin-top:-20px\">By N. Brklja\u010da Bottegaro*, J. A. Magoga, K. Bojani\u0107, B. Beer Ljubi\u0107, K. Miljak, D. Grden and J. Goti\u0107<\/p>\r\n<p class=\"issuem_article_byline\">\r\n<br>\r\n<\/p>\r\n\r\n<!--p class=\"issuem_article_content\"&gt;N. Brklja\u010da Bottegaro*, J. A. Magoga, K. Bojani\u0107, B. Beer Ljubi\u0107, K. Miljak, D. Grden and J. Goti\u0107 Nika BRKLJA\u010cA&lt;\/p-->\r\n\n<\/div><\/div><\/div>\n<hr \/>\n","protected":false},"excerpt":{"rendered":"<p>Important! From 1st of January of 2026 the name of Journal is going to be changed to Croatian Veterinary Journal<\/p>\n","protected":false},"author":8,"featured_media":0,"parent":0,"menu_order":0,"comment_status":"closed","ping_status":"closed","template":"page-templates\/magazine.php","meta":{"footnotes":""},"class_list":["post-522","page","type-page","status-publish","hentry"],"yoast_head":"<!-- This site is optimized with the Yoast SEO plugin v26.6 - https:\/\/yoast.com\/wordpress\/plugins\/seo\/ -->\n<title>CROATIAN VETERINARY JOURNAL :: Current issue - CROATIAN VETERINARY JOURNAL<\/title>\n<meta name=\"description\" content=\"Veterinarska stanica (\u010dasopis) - aktualni broj :: Veterinary Station (journal) - current issue\" \/>\n<meta name=\"robots\" content=\"index, follow, max-snippet:-1, max-image-preview:large, max-video-preview:-1\" \/>\n<link rel=\"canonical\" href=\"https:\/\/journal.h3s.org\/\" \/>\n<meta property=\"og:locale\" content=\"en_GB\" \/>\n<meta property=\"og:type\" content=\"article\" \/>\n<meta property=\"og:title\" content=\"CROATIAN VETERINARY JOURNAL :: Current issue - CROATIAN VETERINARY JOURNAL\" \/>\n<meta property=\"og:description\" content=\"Veterinarska stanica (\u010dasopis) - aktualni broj :: Veterinary Station (journal) - current issue\" \/>\n<meta property=\"og:url\" content=\"https:\/\/journal.h3s.org\/\" \/>\n<meta property=\"og:site_name\" content=\"CROATIAN VETERINARY JOURNAL\" \/>\n<meta property=\"article:publisher\" content=\"https:\/\/www.facebook.com\/pages\/Hrvatski%20Veterinarski%20Institut\/291017291058567\/\" \/>\n<meta property=\"article:modified_time\" content=\"2025-11-04T13:07:57+00:00\" \/>\n<meta property=\"og:image\" content=\"https:\/\/veterinarska-stanica-journal.hr\/wp-content\/uploads\/2025\/03\/56-5.jpg\" \/>\n<meta name=\"twitter:card\" content=\"summary_large_image\" \/>\n<meta name=\"twitter:label1\" content=\"Estimated reading time\" \/>\n\t<meta name=\"twitter:data1\" content=\"2 minutes\" \/>\n<script type=\"application\/ld+json\" class=\"yoast-schema-graph\">{\"@context\":\"https:\/\/schema.org\",\"@graph\":[{\"@type\":\"WebPage\",\"@id\":\"https:\/\/journal.h3s.org\/\",\"url\":\"https:\/\/journal.h3s.org\/\",\"name\":\"CROATIAN VETERINARY JOURNAL :: Current issue - CROATIAN VETERINARY JOURNAL\",\"isPartOf\":{\"@id\":\"https:\/\/journal.h3s.org\/#website\"},\"primaryImageOfPage\":{\"@id\":\"https:\/\/journal.h3s.org\/#primaryimage\"},\"image\":{\"@id\":\"https:\/\/journal.h3s.org\/#primaryimage\"},\"thumbnailUrl\":\"https:\/\/veterinarska-stanica-journal.hr\/wp-content\/uploads\/2025\/03\/56-5.jpg\",\"datePublished\":\"2021-03-19T16:09:21+00:00\",\"dateModified\":\"2025-11-04T13:07:57+00:00\",\"description\":\"Veterinarska stanica (\u010dasopis) - aktualni broj :: Veterinary Station (journal) - current issue\",\"breadcrumb\":{\"@id\":\"https:\/\/journal.h3s.org\/#breadcrumb\"},\"inLanguage\":\"en-GB\",\"potentialAction\":[{\"@type\":\"ReadAction\",\"target\":[\"https:\/\/journal.h3s.org\/\"]}]},{\"@type\":\"ImageObject\",\"inLanguage\":\"en-GB\",\"@id\":\"https:\/\/journal.h3s.org\/#primaryimage\",\"url\":\"https:\/\/veterinarska-stanica-journal.hr\/wp-content\/uploads\/2025\/03\/56-5.jpg\",\"contentUrl\":\"https:\/\/veterinarska-stanica-journal.hr\/wp-content\/uploads\/2025\/03\/56-5.jpg\"},{\"@type\":\"BreadcrumbList\",\"@id\":\"https:\/\/journal.h3s.org\/#breadcrumb\",\"itemListElement\":[{\"@type\":\"ListItem\",\"position\":1,\"name\":\"Home\",\"item\":\"https:\/\/journal.h3s.org\/\"},{\"@type\":\"ListItem\",\"position\":2,\"name\":\"CROATIAN VETERINARY JOURNAL :: Current issue\"}]},{\"@type\":\"WebSite\",\"@id\":\"https:\/\/journal.h3s.org\/#website\",\"url\":\"https:\/\/journal.h3s.org\/\",\"name\":\"VETERINARSKA STANICA\",\"description\":\"Journal of Croatian Veterinary Institute\",\"publisher\":{\"@id\":\"https:\/\/journal.h3s.org\/#organization\"},\"potentialAction\":[{\"@type\":\"SearchAction\",\"target\":{\"@type\":\"EntryPoint\",\"urlTemplate\":\"https:\/\/journal.h3s.org\/?s={search_term_string}\"},\"query-input\":{\"@type\":\"PropertyValueSpecification\",\"valueRequired\":true,\"valueName\":\"search_term_string\"}}],\"inLanguage\":\"en-GB\"},{\"@type\":\"Organization\",\"@id\":\"https:\/\/journal.h3s.org\/#organization\",\"name\":\"Veterinarska stanica\",\"url\":\"https:\/\/journal.h3s.org\/\",\"logo\":{\"@type\":\"ImageObject\",\"inLanguage\":\"en-GB\",\"@id\":\"https:\/\/journal.h3s.org\/#\/schema\/logo\/image\/\",\"url\":\"https:\/\/veterinarska-stanica-journal.hr\/wp-content\/uploads\/2021\/03\/veterinarska-stanica-casopis-hvi-728.png\",\"contentUrl\":\"https:\/\/veterinarska-stanica-journal.hr\/wp-content\/uploads\/2021\/03\/veterinarska-stanica-casopis-hvi-728.png\",\"width\":728,\"height\":90,\"caption\":\"Veterinarska stanica\"},\"image\":{\"@id\":\"https:\/\/journal.h3s.org\/#\/schema\/logo\/image\/\"},\"sameAs\":[\"https:\/\/www.facebook.com\/pages\/Hrvatski Veterinarski Institut\/291017291058567\/\",\"https:\/\/www.linkedin.com\/company\/croatian-veterinary-institute\/\",\"https:\/\/www.youtube.com\/watch?v=BFn739WHdcU&amp;amp;amp;t=2s\"]}]}<\/script>\n<!-- \/ Yoast SEO plugin. -->","yoast_head_json":{"title":"CROATIAN VETERINARY JOURNAL :: Current issue - CROATIAN VETERINARY JOURNAL","description":"Veterinarska stanica (\u010dasopis) - aktualni broj :: Veterinary Station (journal) - current issue","robots":{"index":"index","follow":"follow","max-snippet":"max-snippet:-1","max-image-preview":"max-image-preview:large","max-video-preview":"max-video-preview:-1"},"canonical":"https:\/\/journal.h3s.org\/","og_locale":"en_GB","og_type":"article","og_title":"CROATIAN VETERINARY JOURNAL :: Current issue - CROATIAN VETERINARY JOURNAL","og_description":"Veterinarska stanica (\u010dasopis) - aktualni broj :: Veterinary Station (journal) - current issue","og_url":"https:\/\/journal.h3s.org\/","og_site_name":"CROATIAN VETERINARY JOURNAL","article_publisher":"https:\/\/www.facebook.com\/pages\/Hrvatski%20Veterinarski%20Institut\/291017291058567\/","article_modified_time":"2025-11-04T13:07:57+00:00","og_image":[{"url":"https:\/\/veterinarska-stanica-journal.hr\/wp-content\/uploads\/2025\/03\/56-5.jpg","type":"","width":"","height":""}],"twitter_card":"summary_large_image","twitter_misc":{"Estimated reading time":"2 minutes"},"schema":{"@context":"https:\/\/schema.org","@graph":[{"@type":"WebPage","@id":"https:\/\/journal.h3s.org\/","url":"https:\/\/journal.h3s.org\/","name":"CROATIAN VETERINARY JOURNAL :: Current issue - CROATIAN VETERINARY JOURNAL","isPartOf":{"@id":"https:\/\/journal.h3s.org\/#website"},"primaryImageOfPage":{"@id":"https:\/\/journal.h3s.org\/#primaryimage"},"image":{"@id":"https:\/\/journal.h3s.org\/#primaryimage"},"thumbnailUrl":"https:\/\/veterinarska-stanica-journal.hr\/wp-content\/uploads\/2025\/03\/56-5.jpg","datePublished":"2021-03-19T16:09:21+00:00","dateModified":"2025-11-04T13:07:57+00:00","description":"Veterinarska stanica (\u010dasopis) - aktualni broj :: Veterinary Station (journal) - current issue","breadcrumb":{"@id":"https:\/\/journal.h3s.org\/#breadcrumb"},"inLanguage":"en-GB","potentialAction":[{"@type":"ReadAction","target":["https:\/\/journal.h3s.org\/"]}]},{"@type":"ImageObject","inLanguage":"en-GB","@id":"https:\/\/journal.h3s.org\/#primaryimage","url":"https:\/\/veterinarska-stanica-journal.hr\/wp-content\/uploads\/2025\/03\/56-5.jpg","contentUrl":"https:\/\/veterinarska-stanica-journal.hr\/wp-content\/uploads\/2025\/03\/56-5.jpg"},{"@type":"BreadcrumbList","@id":"https:\/\/journal.h3s.org\/#breadcrumb","itemListElement":[{"@type":"ListItem","position":1,"name":"Home","item":"https:\/\/journal.h3s.org\/"},{"@type":"ListItem","position":2,"name":"CROATIAN VETERINARY JOURNAL :: Current issue"}]},{"@type":"WebSite","@id":"https:\/\/journal.h3s.org\/#website","url":"https:\/\/journal.h3s.org\/","name":"VETERINARSKA STANICA","description":"Journal of Croatian Veterinary Institute","publisher":{"@id":"https:\/\/journal.h3s.org\/#organization"},"potentialAction":[{"@type":"SearchAction","target":{"@type":"EntryPoint","urlTemplate":"https:\/\/journal.h3s.org\/?s={search_term_string}"},"query-input":{"@type":"PropertyValueSpecification","valueRequired":true,"valueName":"search_term_string"}}],"inLanguage":"en-GB"},{"@type":"Organization","@id":"https:\/\/journal.h3s.org\/#organization","name":"Veterinarska stanica","url":"https:\/\/journal.h3s.org\/","logo":{"@type":"ImageObject","inLanguage":"en-GB","@id":"https:\/\/journal.h3s.org\/#\/schema\/logo\/image\/","url":"https:\/\/veterinarska-stanica-journal.hr\/wp-content\/uploads\/2021\/03\/veterinarska-stanica-casopis-hvi-728.png","contentUrl":"https:\/\/veterinarska-stanica-journal.hr\/wp-content\/uploads\/2021\/03\/veterinarska-stanica-casopis-hvi-728.png","width":728,"height":90,"caption":"Veterinarska stanica"},"image":{"@id":"https:\/\/journal.h3s.org\/#\/schema\/logo\/image\/"},"sameAs":["https:\/\/www.facebook.com\/pages\/Hrvatski Veterinarski Institut\/291017291058567\/","https:\/\/www.linkedin.com\/company\/croatian-veterinary-institute\/","https:\/\/www.youtube.com\/watch?v=BFn739WHdcU&amp;amp;amp;t=2s"]}]}},"_links":{"self":[{"href":"https:\/\/journal.h3s.org\/index.php?rest_route=\/wp\/v2\/pages\/522","targetHints":{"allow":["GET"]}}],"collection":[{"href":"https:\/\/journal.h3s.org\/index.php?rest_route=\/wp\/v2\/pages"}],"about":[{"href":"https:\/\/journal.h3s.org\/index.php?rest_route=\/wp\/v2\/types\/page"}],"author":[{"embeddable":true,"href":"https:\/\/journal.h3s.org\/index.php?rest_route=\/wp\/v2\/users\/8"}],"replies":[{"embeddable":true,"href":"https:\/\/journal.h3s.org\/index.php?rest_route=%2Fwp%2Fv2%2Fcomments&post=522"}],"version-history":[{"count":135,"href":"https:\/\/journal.h3s.org\/index.php?rest_route=\/wp\/v2\/pages\/522\/revisions"}],"predecessor-version":[{"id":8734,"href":"https:\/\/journal.h3s.org\/index.php?rest_route=\/wp\/v2\/pages\/522\/revisions\/8734"}],"wp:attachment":[{"href":"https:\/\/journal.h3s.org\/index.php?rest_route=%2Fwp%2Fv2%2Fmedia&parent=522"}],"curies":[{"name":"wp","href":"https:\/\/api.w.org\/{rel}","templated":true}]}}