{"id":50,"date":"2021-01-17T15:51:20","date_gmt":"2021-01-17T14:51:20","guid":{"rendered":"https:\/\/veterinarska-stanica-journal.hr\/?page_id=50"},"modified":"2025-08-06T10:05:56","modified_gmt":"2025-08-06T08:05:56","slug":"veterinarska-stanica-impressum","status":"publish","type":"page","link":"https:\/\/journal.h3s.org\/?page_id=50","title":{"rendered":"Impressum"},"content":{"rendered":"<p><strong>ISSN<\/strong> 0350-7149 | <strong>E-ISSN<\/strong> 1849-1170<\/p>\n<hr \/>\n<div style=\"float:right;margin-left:20px; width:200px; height:500px;padding-bottom:100px;\">\n<p><a href=\"https:\/\/www.scimagojr.com\/journalsearch.php?q=21100828012&amp;tip=sid&amp;exact=no\" title=\"SCImago Journal &amp; Country Rank\" target=\"_blank\" rel=\"noopener\"><br \/>\n<img decoding=\"async\" border=\"0\" src=\"https:\/\/www.scimagojr.com\/journal_img.php?id=21100828012\" alt=\"SCImago Journal &amp; Country Rank\"  class=\"alignright\" style=\"padding-bottom:80px;\"\/><\/a><\/p>\n<div style=\"width:200px;height:100px;float:right;margin-bottom:80px;\"><a href=\"https:\/\/www.resurchify.com\/impact\/details\/21100828012#google_vignette\" target=\"_blank\" rel=\"noopener\"><\/p>\n<h5 style=\"text-align:center;\">&middot; Resurchify &#8599;<\/h5>\n<p><\/a><\/div>\n<p><a href=\"https:\/\/www.scopus.com\/sourceid\/21100828012\" target=\"_blank\" rel=\"noopener\"><br \/>\n<img loading=\"lazy\" decoding=\"async\" src=\"https:\/\/veterinarska-stanica-journal.hr\/wp-content\/uploads\/2022\/05\/scopus.png\" alt=\"scopus\" width=\"200\" height=\"67\" class=\"alignright size-full wp-image-4938\" style=\"padding-bottom:80px;\"\/><\/a><\/p>\n<p><a href=\"https:\/\/www.crossref.org\/\" target=\"_blank\" rel=\"noopener\"><br \/>\n<img loading=\"lazy\" decoding=\"async\" src=\"https:\/\/veterinarska-stanica-journal.hr\/wp-content\/uploads\/2022\/05\/crossref.png\" alt=\"crossref\" width=\"200\" height=\"67\" class=\"alignright size-full wp-image-4935\" style=\"padding-bottom:80px;\"\/><\/a><\/p>\n<p><a href=\"https:\/\/www.cabi.org\/\" target=\"_blank\" rel=\"noopener\"><br \/>\n<img loading=\"lazy\" decoding=\"async\" src=\"https:\/\/veterinarska-stanica-journal.hr\/wp-content\/uploads\/2022\/05\/cabi.png\" alt=\"cabi\" width=\"200\" height=\"67\" class=\"alignright size-full wp-image-4936\" style=\"padding-bottom:80px;\"\/><br \/>\n<\/a><\/p>\n<p><a href=\"https:\/\/hrcak.srce.hr\/veterinarska-stanica\" target=\"_blank\" rel=\"noopener\"><br \/>\n<img loading=\"lazy\" decoding=\"async\" src=\"https:\/\/veterinarska-stanica-journal.hr\/wp-content\/uploads\/2022\/05\/hrcak.png\" alt=\"hrcak\" width=\"200\" height=\"67\" class=\"alignright size-full wp-image-4937\" style=\"padding-bottom:80px;\"\/><br \/>\n<\/a><\/p>\n<\/div>\n<div style=\"height: 200px;\">\n<h4><strong>Published by<\/strong><\/h4>\n<p><img loading=\"lazy\" decoding=\"async\" src=\"https:\/\/veterinarska-stanica-journal.hr\/wp-content\/uploads\/2021\/03\/hvi200x140-tr.png\" alt=\"\" width=\"150\" height=\"150\" class=\"alignleft size-full wp-image-588\" srcset=\"https:\/\/journal.h3s.org\/wp-content\/uploads\/2021\/03\/hvi200x140-tr.png 200w, https:\/\/journal.h3s.org\/wp-content\/uploads\/2021\/03\/hvi200x140-tr-150x150.png 150w\" sizes=\"auto, (max-width: 150px) 100vw, 150px\" \/><strong>Croatian Veterinary Institute<\/strong><br \/>\n10000 Zagreb, Hrvatska, Savska cesta 143<br \/>\nTel. +385 (1) 6123 600<br \/>\n<a href=\"http:\/\/www.veinst.hr\" target=\"_blank\" rel=\"noopener noreferrer\">www.veinst.hr<\/a><\/div>\n<h4 class=\"imp\"><strong>Web page<\/strong><\/h4>\n<p><a href=\"https:\/\/veterinarska-stanica-journal.hr\" target=\"_blank\" rel=\"noopener noreferrer\">www.veterinarska-stanica-journal.hr<\/a><\/p>\n<h4 class=\"imp\"><strong>Address of the Editorium<\/strong><\/h4>\n<p>Croatian Veterinary Institute<br \/>\n10000 Zagreb, Hrvatska, Savska cesta 143, tel. +385 (1) 6123 600<\/p>\n<h4 class=\"imp\"><strong>Editor-in-Chief<\/strong><\/h4>\n<p><img loading=\"lazy\" decoding=\"async\" src=\"https:\/\/veterinarska-stanica-journal.hr\/wp-content\/uploads\/2024\/08\/MarkoSamardzija_DSC_5841_170_con7.jpg\" alt=\"Marko Samard\u017eija\" width=\"170\" height=\"170\" class=\"alignleft size-full wp-image-7874\" srcset=\"https:\/\/journal.h3s.org\/wp-content\/uploads\/2024\/08\/MarkoSamardzija_DSC_5841_170_con7.jpg 170w, https:\/\/journal.h3s.org\/wp-content\/uploads\/2024\/08\/MarkoSamardzija_DSC_5841_170_con7-150x150.jpg 150w, https:\/\/journal.h3s.org\/wp-content\/uploads\/2024\/08\/MarkoSamardzija_DSC_5841_170_con7-120x120.jpg 120w\" sizes=\"auto, (max-width: 170px) 100vw, 170px\" \/>Prof. dr. sc. <strong>Marko Samard\u017eija<\/strong><br \/>\nVeterinarski fakultet Sveu\u010dili\u0161ta u Zagrebu, Heinzelova 55, 10000 Zagreb, Hrvatska<br \/>\ntel. +385 (1) 2390 321, fax: +385 (1) 2441 390, mob. +385 (91) 2390 157<br \/>\ne-mail: smarko@vef.unizg.hr<\/p>\n<h4 class=\"imp\"><strong>Associate editor<\/strong><\/h4>\n<p><img loading=\"lazy\" decoding=\"async\" src=\"https:\/\/veterinarska-stanica-journal.hr\/wp-content\/uploads\/2025\/04\/BorisHabrun_170.jpg\" alt=\"Boris Habrun\" width=\"170\" height=\"170\" class=\"alignleft size-full wp-image-8545\" srcset=\"https:\/\/journal.h3s.org\/wp-content\/uploads\/2025\/04\/BorisHabrun_170.jpg 170w, https:\/\/journal.h3s.org\/wp-content\/uploads\/2025\/04\/BorisHabrun_170-150x150.jpg 150w, https:\/\/journal.h3s.org\/wp-content\/uploads\/2025\/04\/BorisHabrun_170-120x120.jpg 120w\" sizes=\"auto, (max-width: 170px) 100vw, 170px\" \/>Prof. dr. sc. <strong>Boris Habrun<\/strong><br \/>\nHrvatski veterinarski institut, Savska cesta 143, 10000 Zagreb, Hrvatska<br \/>\ntel. +385 (1) 6123 604, fax: +385 (1) 6190 841, mob. +385 (99) 2155 028<br \/>\ne-mail: habrun@veinst.hr<\/p>\n<h4 class=\"imp\"><strong>Technical editor<\/strong><\/h4>\n<p><img loading=\"lazy\" decoding=\"async\" src=\"https:\/\/veterinarska-stanica-journal.hr\/wp-content\/uploads\/2024\/09\/NinoMACESIC-2022-170-w.jpg\" alt=\"\" width=\"170\" height=\"170\" class=\"alignleft size-full wp-image-8021\" srcset=\"https:\/\/journal.h3s.org\/wp-content\/uploads\/2024\/09\/NinoMACESIC-2022-170-w.jpg 170w, https:\/\/journal.h3s.org\/wp-content\/uploads\/2024\/09\/NinoMACESIC-2022-170-w-150x150.jpg 150w, https:\/\/journal.h3s.org\/wp-content\/uploads\/2024\/09\/NinoMACESIC-2022-170-w-120x120.jpg 120w\" sizes=\"auto, (max-width: 170px) 100vw, 170px\" \/>Prof. dr. sc. <strong>Nino Ma\u0107e\u0161i\u0107<\/strong><br \/>\nVeterinarski fakultet Sveu\u010dili\u0161ta u Zagrebu, Heinzelova 55, 10000 Zagreb, Hrvatska<br \/>\ntel. +385 (1) 2390 169, fax: +385 (1) 2441 390<br \/>\ne-mail: nmacesic@vef.unizg.hr<\/p>\n<h4 class=\"imp\"><strong>Editorial Board<\/strong><\/h4>\n<div class=\"column2\" style=\"padding-bottom:40px;\"><strong>Sanja Aleksi\u0107-Kova\u010devi\u0107<\/strong>, Faculty of Veterinary Medicine University of Belgrade, Serbia<br \/>\n<strong>Daniel Barry<\/strong>, Centre of Excellence in Animal Assisted Reproduction, Thohoyandou, University of Venda, South Africa<br \/>\n<strong>Relja Beck<\/strong>, Croatian Veterinary Institute, Zagreb, Croatia<br \/>\n<strong>Nina Biland\u017ei\u0107<\/strong>, Croatian Veterinary Institute, Zagreb, Croatia<br \/>\n<strong>Jose Maria Blasco<\/strong>, Aragon Agrifood Research and Technology Center (CITA), Zaragoza, Spain<br \/>\n<strong>Dragan Brni\u0107<\/strong>, Croatian Veterinary Institute, Zagreb, Croatia<br \/>\n<strong>Hrvoje Capak<\/strong>, Faculty of Veterinary Medicine University of Zagreb, Croatia<br \/>\n<strong>Fabio De Rensis<\/strong>, Department of Veterinary-Medical Science, University of Parma, Italy<br \/>\n<strong>Toni Dovenski<\/strong>, Faculty of Veterinary Medicine University of Skopje, North Macedonia<br \/>\n<strong>Sanja Duvnjak<\/strong>, Croatian Veterinary Institute, Zagreb, Croatia<br \/>\n<strong>Dra\u017een \u0110uri\u010di\u0107<\/strong>, Faculty of Veterinary Medicine University of Zagreb, Croatia<br \/>\n<strong>Bruno Garin Bastuji<\/strong>, National Agency for Food, Environmental and Occupational Health Safety, Maisons-Alfort Cedex, France<br \/>\n<strong>Handan Hilal Arslan<\/strong>, Faculty of Veterinary Medicine Kurupelit\/Samsun, Turkey<br \/>\n<strong>Gabriela Hirsbrunner<\/strong>, Faculty of Veterinary Medicine, Universit\u00e4t Bern, Switzerland<br \/>\n<strong>Anita Horvati\u0107<\/strong>, Faculty of Food Technology and Biotechnology, University of Zagreb, Croatia<br \/>\n<strong>Mirjana Hru\u0161kar<\/strong>, Faculty of Food Technology and Biotechnology, University of Zagreb, Croatia<br \/>\n<strong>Andrea Humski<\/strong>, Croatian Veterinary Institute, Zagreb, Croatia<br \/>\n<strong>Lorena Jemer\u0161i\u0107<\/strong>, Croatian Veterinary Institute, Zagreb, Croatia<br \/>\n<strong>Luka Jurinovi\u0107<\/strong>, Croatian Veterinary Institute, Zagreb, Croatia<br \/>\n<strong>Goran Ki\u0161<\/strong>, Faculty of Agriculture University of Zagreb, Croatia<br \/>\n<strong>Gordan Kompes<\/strong>, Croatian Veterinary Institute, Zagreb, Croatia<br \/>\n<strong>Bart Kooi<\/strong>, Wageningen University &#038; Research, Wageningen, Netherlands<br \/>\n<strong>Tomislav Ma\u0161ek<\/strong>, Faculty of Veterinary Medicine University of Zagreb, Croatia<br \/>\n<strong>Nata\u0161a Mikulec<\/strong>, Faculty of Agriculture University of Zagreb, Croatia<br \/>\n<strong>Nora Mimoune<\/strong>, National High School of Veterinary Medicine, Algiers, Bab-Ezzouar, Algeria<br \/>\n<strong>Mario Mitak<\/strong>, Croatian Veterinary Institute, Zagreb, Croatia<br \/>\n<strong>Drago Nedi\u0107<\/strong>, Veterinary Institute of Republika Srpska Dr Vaso Butozan, Banja Luka, Bosnia and Herzegovina<br \/>\n<strong>Matja\u017e Ocepek<\/strong>, Faculty of Veterinary Medicine, University of Ljubljana, Slovenia<br \/>\n<strong>Dra\u017een Orai\u0107<\/strong>, Croatian Veterinary Institute, Zagreb, Croatia<br \/>\n<strong>Jelka Pleadin<\/strong>, Croatian Veterinary Institute, Zagreb, Croatia<br \/>\n<strong>Heribero Rodriguez-Martinez<\/strong>, Faculty of Medicine and Health Sciences, Link\u00f6ping University, Link\u00f6ping, Sweden<br \/>\n<strong>Vladimir Savi\u0107<\/strong>, Croatian Veterinary Institute, Zagreb, Croatia<br \/>\n<strong>Przemyslaw Sobiech<\/strong>, Faculty of Veterinary Medicine University of Olsztyn, Poland<br \/>\n<strong>Chris Stokes<\/strong>, University of Bristol, UK<br \/>\n<strong>Otto Szenci<\/strong>, University of Veterinary Medicine, Budapest, Hungary<br \/>\n<strong>Silvio \u0160pi\u010di\u0107<\/strong>, Croatian Veterinary Institute, Zagreb, Croatia<br \/>\n<strong>Ivana Tlak Gajger<\/strong>, Faculty of Veterinary Medicine University of Zagreb, Croatia<br \/>\n<strong>Padet Tummaruk<\/strong>, Faculty of Veterinary Science, Chulalongkorn University, Bangkok, Thailand<br \/>\n<strong>Manuela Zadravec<\/strong>, Croatian Veterinary Institute, Zagreb, Croatia<br \/>\n<strong>Snje\u017eana Zrn\u010di\u0107<\/strong>, Croatian Veterinary Institute, Zagreb, Croatia<br \/>\n<strong>Ivona \u017dura \u017daja<\/strong>, Faculty of Veterinary Medicine University of Zagreb, Croatia<\/div>\n<h4 class=\"imp\"><strong>Lector for Croatian<\/strong><\/h4>\n<p><strong>Vesela Ma\u0111eri\u0107<\/strong>, prof.<\/p>\n<h4 class=\"imp\"><strong>Lector for English<\/strong><\/h4>\n<p><strong>Katarina Bijeli\u0107 Beti<\/strong>, prof.<\/p>\n<h4 class=\"imp\"><strong>Edition<\/strong><\/h4>\n<p>300 primjeraka<\/p>\n<h4 class=\"imp\"><strong>Printed by<\/strong><\/h4>\n<p><strong>Intergrafika TT\u017d<\/strong> d.o.o., Zapre\u0161i\u0107, Hrvatska<\/p>\n<hr \/>\n<p>Prijava izdavanja \u010dasopisa VETERINARSKA STANICA ubilje\u017eena je u sektoru informiranja MINISTARSTVA KULTURE I PROSVJETE REPUBLIKE HRVATSKE pod rednim brojem 209 (Klasa 612-10\/93-01-845, Ur. broj: 532-03-1\/6-93-01 od 18. kolovoza 1993.)<\/p>\n<p>Registration of the journal VETERINARSKA STANICA has been logged in the sector of information of MINISTRY OF CULTURE AND EDUCATION OF CROATIA under number 209 (Class 612-10\/93-01-845, Reg. No. 532-03-1\/6-93-01 on 18 August 1993)<\/p>\n<hr \/>\n<p>Radovi objavljeni u \u201eVeterinarskoj stanici\u201d navode se redovito u referalnim svjetskim indeksnim bazama: <em>SCOPUS<\/em>, <em>Food Science and Technology Abstracts (FSTA)<\/em>, <em>CAB Abstracts<\/em>, <em>Index Veterinarius<\/em>, <em>Veterinary Bulletin<\/em>, <em>Global Health<\/em> i <em>VetMed Resource<\/em>.<\/p>\n<p>Articles published in &#8220;Veterinarska stanica&#8221; are regularly referred into the World indexed databases: <em>SCOPUS<\/em>, <em>Food Science and Technology Abstracts (FSTA)<\/em>, <em>CAB Abstracts<\/em>, <em>Index Veterinarius<\/em>, <em>Veterinary Bulletin<\/em>, <em>Global Health<\/em> i <em>VetMed Resource<\/em>.<\/p>\n<hr \/>\n<h4 class=\"imp\"><strong>Recenzija<\/strong><\/h4>\n<p>Vanjske recenzije, podjednako tuzemna i inozemna, dvostruka, svi radovi, dvostruko slijepa.<\/p>\n<h4 class=\"imp\"><strong>Prva godina izla\u017eenja<\/strong><\/h4>\n<p>1970.<\/p>\n<h4 class=\"imp\"><strong>U\u010destalost izla\u017eenja (godi\u0161nje)<\/strong><\/h4>\n<p>6 brojeva godi\u0161nje.<\/p>\n<h4 class=\"imp\"><strong>Podru\u010dja pokrivanja<\/strong><\/h4>\n<p style=\"padding-left:50px;\">&#9679; Temeljne medicinske znanosti<br \/>\n&#9679; Klini\u010dke medicinske znanosti<br \/>\n&#9679; Javno zdravstvo i zdravstvena za\u0161tita<br \/>\n&#9679; Veterinarska medicina<br \/>\n&#9679; Farmacija<br \/>\n&#9679; Poljoprivreda (agronomija)<br \/>\n&#9679; Biotehnologija<br \/>\n&#9679; Prehrambena tehnologija<br \/>\n&#9679; Nutricionizam<br \/>\n&#9679; Interdisciplinarne biotehni\u010dke znanosti<\/p>\n<h4 class=\"imp\"><strong>Prava kori\u0161tenja<\/strong><\/h4>\n<p>Puni tekstovi radova ovog \u010dasopisa besplatno se smiju koristiti za osobnu ili edukacijsku svrhu uz po\u0161tivanje autorskih prava autora i izdava\u010da.<\/p>\n<h4 class=\"imp\"> <\/h4>\n","protected":false},"excerpt":{"rendered":"<p>ISSN 0350-7149 | E-ISSN 1849-1170 &middot; Resurchify &#8599; Published by Croatian Veterinary Institute 10000 Zagreb, Hrvatska, Savska cesta 143 Tel.<\/p>\n","protected":false},"author":8,"featured_media":0,"parent":0,"menu_order":0,"comment_status":"closed","ping_status":"closed","template":"","meta":{"footnotes":""},"class_list":["post-50","page","type-page","status-publish","hentry"],"yoast_head":"<!-- This site is optimized with the Yoast SEO plugin v26.6 - https:\/\/yoast.com\/wordpress\/plugins\/seo\/ -->\n<title>Impressum - CROATIAN VETERINARY JOURNAL<\/title>\n<meta name=\"description\" content=\"\u010dasopis Veterinarska stanica impressum izdava\u010d uredni\u0161tvo glavni urednik zamjenik tehni\u010dki urednik tisak\" \/>\n<meta name=\"robots\" content=\"index, follow, max-snippet:-1, max-image-preview:large, max-video-preview:-1\" \/>\n<link rel=\"canonical\" href=\"https:\/\/journal.h3s.org\/?page_id=50\" \/>\n<meta property=\"og:locale\" content=\"en_GB\" \/>\n<meta property=\"og:type\" content=\"article\" \/>\n<meta property=\"og:title\" content=\"Impressum - CROATIAN VETERINARY JOURNAL\" \/>\n<meta property=\"og:description\" content=\"\u010dasopis Veterinarska stanica impressum izdava\u010d uredni\u0161tvo glavni urednik zamjenik tehni\u010dki urednik tisak\" \/>\n<meta property=\"og:url\" content=\"https:\/\/journal.h3s.org\/?page_id=50\" \/>\n<meta property=\"og:site_name\" content=\"CROATIAN VETERINARY JOURNAL\" \/>\n<meta property=\"article:publisher\" content=\"https:\/\/www.facebook.com\/pages\/Hrvatski%20Veterinarski%20Institut\/291017291058567\/\" \/>\n<meta property=\"article:modified_time\" content=\"2025-08-06T08:05:56+00:00\" \/>\n<meta property=\"og:image\" content=\"https:\/\/www.scimagojr.com\/journal_img.php?id=21100828012\" \/>\n<meta name=\"twitter:card\" content=\"summary_large_image\" \/>\n<meta name=\"twitter:label1\" content=\"Estimated reading time\" \/>\n\t<meta name=\"twitter:data1\" content=\"6 minutes\" \/>\n<script type=\"application\/ld+json\" class=\"yoast-schema-graph\">{\"@context\":\"https:\/\/schema.org\",\"@graph\":[{\"@type\":\"WebPage\",\"@id\":\"https:\/\/journal.h3s.org\/?page_id=50\",\"url\":\"https:\/\/journal.h3s.org\/?page_id=50\",\"name\":\"Impressum - CROATIAN VETERINARY JOURNAL\",\"isPartOf\":{\"@id\":\"https:\/\/journal.h3s.org\/#website\"},\"primaryImageOfPage\":{\"@id\":\"https:\/\/journal.h3s.org\/?page_id=50#primaryimage\"},\"image\":{\"@id\":\"https:\/\/journal.h3s.org\/?page_id=50#primaryimage\"},\"thumbnailUrl\":\"https:\/\/www.scimagojr.com\/journal_img.php?id=21100828012\",\"datePublished\":\"2021-01-17T14:51:20+00:00\",\"dateModified\":\"2025-08-06T08:05:56+00:00\",\"description\":\"\u010dasopis Veterinarska stanica impressum izdava\u010d uredni\u0161tvo glavni urednik zamjenik tehni\u010dki urednik tisak\",\"breadcrumb\":{\"@id\":\"https:\/\/journal.h3s.org\/?page_id=50#breadcrumb\"},\"inLanguage\":\"en-GB\",\"potentialAction\":[{\"@type\":\"ReadAction\",\"target\":[\"https:\/\/journal.h3s.org\/?page_id=50\"]}]},{\"@type\":\"ImageObject\",\"inLanguage\":\"en-GB\",\"@id\":\"https:\/\/journal.h3s.org\/?page_id=50#primaryimage\",\"url\":\"https:\/\/www.scimagojr.com\/journal_img.php?id=21100828012\",\"contentUrl\":\"https:\/\/www.scimagojr.com\/journal_img.php?id=21100828012\"},{\"@type\":\"BreadcrumbList\",\"@id\":\"https:\/\/journal.h3s.org\/?page_id=50#breadcrumb\",\"itemListElement\":[{\"@type\":\"ListItem\",\"position\":1,\"name\":\"Home\",\"item\":\"https:\/\/journal.h3s.org\/\"},{\"@type\":\"ListItem\",\"position\":2,\"name\":\"Impressum\"}]},{\"@type\":\"WebSite\",\"@id\":\"https:\/\/journal.h3s.org\/#website\",\"url\":\"https:\/\/journal.h3s.org\/\",\"name\":\"VETERINARSKA STANICA\",\"description\":\"Journal of Croatian Veterinary Institute\",\"publisher\":{\"@id\":\"https:\/\/journal.h3s.org\/#organization\"},\"potentialAction\":[{\"@type\":\"SearchAction\",\"target\":{\"@type\":\"EntryPoint\",\"urlTemplate\":\"https:\/\/journal.h3s.org\/?s={search_term_string}\"},\"query-input\":{\"@type\":\"PropertyValueSpecification\",\"valueRequired\":true,\"valueName\":\"search_term_string\"}}],\"inLanguage\":\"en-GB\"},{\"@type\":\"Organization\",\"@id\":\"https:\/\/journal.h3s.org\/#organization\",\"name\":\"Veterinarska stanica\",\"url\":\"https:\/\/journal.h3s.org\/\",\"logo\":{\"@type\":\"ImageObject\",\"inLanguage\":\"en-GB\",\"@id\":\"https:\/\/journal.h3s.org\/#\/schema\/logo\/image\/\",\"url\":\"https:\/\/veterinarska-stanica-journal.hr\/wp-content\/uploads\/2021\/03\/veterinarska-stanica-casopis-hvi-728.png\",\"contentUrl\":\"https:\/\/veterinarska-stanica-journal.hr\/wp-content\/uploads\/2021\/03\/veterinarska-stanica-casopis-hvi-728.png\",\"width\":728,\"height\":90,\"caption\":\"Veterinarska stanica\"},\"image\":{\"@id\":\"https:\/\/journal.h3s.org\/#\/schema\/logo\/image\/\"},\"sameAs\":[\"https:\/\/www.facebook.com\/pages\/Hrvatski Veterinarski Institut\/291017291058567\/\",\"https:\/\/www.linkedin.com\/company\/croatian-veterinary-institute\/\",\"https:\/\/www.youtube.com\/watch?v=BFn739WHdcU&amp;amp;amp;t=2s\"]}]}<\/script>\n<!-- \/ Yoast SEO plugin. -->","yoast_head_json":{"title":"Impressum - CROATIAN VETERINARY JOURNAL","description":"\u010dasopis Veterinarska stanica impressum izdava\u010d uredni\u0161tvo glavni urednik zamjenik tehni\u010dki urednik tisak","robots":{"index":"index","follow":"follow","max-snippet":"max-snippet:-1","max-image-preview":"max-image-preview:large","max-video-preview":"max-video-preview:-1"},"canonical":"https:\/\/journal.h3s.org\/?page_id=50","og_locale":"en_GB","og_type":"article","og_title":"Impressum - CROATIAN VETERINARY JOURNAL","og_description":"\u010dasopis Veterinarska stanica impressum izdava\u010d uredni\u0161tvo glavni urednik zamjenik tehni\u010dki urednik tisak","og_url":"https:\/\/journal.h3s.org\/?page_id=50","og_site_name":"CROATIAN VETERINARY JOURNAL","article_publisher":"https:\/\/www.facebook.com\/pages\/Hrvatski%20Veterinarski%20Institut\/291017291058567\/","article_modified_time":"2025-08-06T08:05:56+00:00","og_image":[{"url":"https:\/\/www.scimagojr.com\/journal_img.php?id=21100828012","type":"","width":"","height":""}],"twitter_card":"summary_large_image","twitter_misc":{"Estimated reading time":"6 minutes"},"schema":{"@context":"https:\/\/schema.org","@graph":[{"@type":"WebPage","@id":"https:\/\/journal.h3s.org\/?page_id=50","url":"https:\/\/journal.h3s.org\/?page_id=50","name":"Impressum - CROATIAN VETERINARY JOURNAL","isPartOf":{"@id":"https:\/\/journal.h3s.org\/#website"},"primaryImageOfPage":{"@id":"https:\/\/journal.h3s.org\/?page_id=50#primaryimage"},"image":{"@id":"https:\/\/journal.h3s.org\/?page_id=50#primaryimage"},"thumbnailUrl":"https:\/\/www.scimagojr.com\/journal_img.php?id=21100828012","datePublished":"2021-01-17T14:51:20+00:00","dateModified":"2025-08-06T08:05:56+00:00","description":"\u010dasopis Veterinarska stanica impressum izdava\u010d uredni\u0161tvo glavni urednik zamjenik tehni\u010dki urednik tisak","breadcrumb":{"@id":"https:\/\/journal.h3s.org\/?page_id=50#breadcrumb"},"inLanguage":"en-GB","potentialAction":[{"@type":"ReadAction","target":["https:\/\/journal.h3s.org\/?page_id=50"]}]},{"@type":"ImageObject","inLanguage":"en-GB","@id":"https:\/\/journal.h3s.org\/?page_id=50#primaryimage","url":"https:\/\/www.scimagojr.com\/journal_img.php?id=21100828012","contentUrl":"https:\/\/www.scimagojr.com\/journal_img.php?id=21100828012"},{"@type":"BreadcrumbList","@id":"https:\/\/journal.h3s.org\/?page_id=50#breadcrumb","itemListElement":[{"@type":"ListItem","position":1,"name":"Home","item":"https:\/\/journal.h3s.org\/"},{"@type":"ListItem","position":2,"name":"Impressum"}]},{"@type":"WebSite","@id":"https:\/\/journal.h3s.org\/#website","url":"https:\/\/journal.h3s.org\/","name":"VETERINARSKA STANICA","description":"Journal of Croatian Veterinary Institute","publisher":{"@id":"https:\/\/journal.h3s.org\/#organization"},"potentialAction":[{"@type":"SearchAction","target":{"@type":"EntryPoint","urlTemplate":"https:\/\/journal.h3s.org\/?s={search_term_string}"},"query-input":{"@type":"PropertyValueSpecification","valueRequired":true,"valueName":"search_term_string"}}],"inLanguage":"en-GB"},{"@type":"Organization","@id":"https:\/\/journal.h3s.org\/#organization","name":"Veterinarska stanica","url":"https:\/\/journal.h3s.org\/","logo":{"@type":"ImageObject","inLanguage":"en-GB","@id":"https:\/\/journal.h3s.org\/#\/schema\/logo\/image\/","url":"https:\/\/veterinarska-stanica-journal.hr\/wp-content\/uploads\/2021\/03\/veterinarska-stanica-casopis-hvi-728.png","contentUrl":"https:\/\/veterinarska-stanica-journal.hr\/wp-content\/uploads\/2021\/03\/veterinarska-stanica-casopis-hvi-728.png","width":728,"height":90,"caption":"Veterinarska stanica"},"image":{"@id":"https:\/\/journal.h3s.org\/#\/schema\/logo\/image\/"},"sameAs":["https:\/\/www.facebook.com\/pages\/Hrvatski Veterinarski Institut\/291017291058567\/","https:\/\/www.linkedin.com\/company\/croatian-veterinary-institute\/","https:\/\/www.youtube.com\/watch?v=BFn739WHdcU&amp;amp;amp;t=2s"]}]}},"_links":{"self":[{"href":"https:\/\/journal.h3s.org\/index.php?rest_route=\/wp\/v2\/pages\/50","targetHints":{"allow":["GET"]}}],"collection":[{"href":"https:\/\/journal.h3s.org\/index.php?rest_route=\/wp\/v2\/pages"}],"about":[{"href":"https:\/\/journal.h3s.org\/index.php?rest_route=\/wp\/v2\/types\/page"}],"author":[{"embeddable":true,"href":"https:\/\/journal.h3s.org\/index.php?rest_route=\/wp\/v2\/users\/8"}],"replies":[{"embeddable":true,"href":"https:\/\/journal.h3s.org\/index.php?rest_route=%2Fwp%2Fv2%2Fcomments&post=50"}],"version-history":[{"count":123,"href":"https:\/\/journal.h3s.org\/index.php?rest_route=\/wp\/v2\/pages\/50\/revisions"}],"predecessor-version":[{"id":8727,"href":"https:\/\/journal.h3s.org\/index.php?rest_route=\/wp\/v2\/pages\/50\/revisions\/8727"}],"wp:attachment":[{"href":"https:\/\/journal.h3s.org\/index.php?rest_route=%2Fwp%2Fv2%2Fmedia&parent=50"}],"curies":[{"name":"wp","href":"https:\/\/api.w.org\/{rel}","templated":true}]}}