{"id":48,"date":"2021-03-17T15:50:42","date_gmt":"2021-03-17T15:50:42","guid":{"rendered":"https:\/\/veterinarska-stanica-journal.hr\/?page_id=48"},"modified":"2023-06-28T15:25:51","modified_gmt":"2023-06-28T13:25:51","slug":"aktualni-broj","status":"publish","type":"page","link":"https:\/\/journal.h3s.org\/?page_id=48","title":{"rendered":"Content"},"content":{"rendered":"<br \/>\n<h1 style=\"margin-top:-30px;\"><div class=\"issuem_title\">56-6<\/div><\/h1>\n<h1> <\/h1>\n<div class=\"issuem_articles_shortcode\"><div class=\"issuem_article article-8711\">\n<p class=\"issuem_article_category\">Original scientific articles<\/p>\r\n<p><a class=\"issuem_article_link\" href=\"https:\/\/journal.h3s.org\/?article=mastitis-pathogens-in-goats-and-sheep-in-the-republic-of-croatia-and-their-sensitivity-to-antimicrobials\">Mastitis pathogens in goats and sheep in the Republic of Croatia and their sensitivity to antimicrobials<\/a><\/p>\r\n<p class=\"issuem_article_byline\" style=\"margin-top:-20px\">By L. Cvetni\u0107*, M. Samard\u017eija, T. Sukali\u0107, D. Luka\u010devi\u0107, M. Loli\u0107, G. Kompes, B. Habrun, A. Bagari\u0107, \u017d. Cvetni\u0107 and M. Beni\u0107<\/p>\r\n<p class=\"issuem_article_byline\">\r\n<br>\r\n<\/p>\r\n\r\n<!--p class=\"issuem_article_content\"&gt;L. Cvetni\u0107*, M. Samard\u017eija, T. Sukali\u0107, D. Luka\u010devi\u0107, M. Loli\u0107, G. Kompes, B. Habrun, A. Bagari\u0107, \u017d. Cvetni\u0107 and M.&lt;\/p-->\r\n\n<\/div><div class=\"issuem_article article-8699\">\n<p class=\"issuem_article_category\">Original scientific articles<\/p>\r\n<p><a class=\"issuem_article_link\" href=\"https:\/\/journal.h3s.org\/?article=aetiology-and-local-antimicrobial-resistance-patterns-of-bacterial-pathogens-causing-dogs-urinary-tract-infections-from-january-2019-to-july-2024-in-split-croatia\">Aetiology and local antimicrobial resistance patterns of bacterial pathogens causing dogs urinary tract infections from January 2019 to July 2024 in Split, Croatia<\/a><\/p>\r\n<p class=\"issuem_article_byline\" style=\"margin-top:-20px\">By D. Luka\u010devi\u0107*, Z. Vidi\u0107, S. Kati\u0107, T. Male\u0161, I. \u0160koko, M. Sabli\u0107 and G. Kompes<\/p>\r\n<p class=\"issuem_article_byline\">\r\n<br>\r\n<\/p>\r\n\r\n<!--p class=\"issuem_article_content\"&gt;D. Luka\u010devi\u0107*, Z. Vidi\u0107, S. Kati\u0107, T. Male\u0161, I. \u0160koko, M. Sabli\u0107 and G. Kompes Damir LUKA\u010cEVI\u0106*, PhD, DVM, Expert&lt;\/p-->\r\n\n<\/div><div class=\"issuem_article article-8685\">\n<p class=\"issuem_article_category\">Original scientific articles<\/p>\r\n<p><a class=\"issuem_article_link\" href=\"https:\/\/journal.h3s.org\/?article=first-description-of-antifungal-susceptibility-of-yeast-like-fungi-in-dermal-lesions-of-dogs-in-portugal-a-6-year-pilot-retrospective-study-2018-2023\">First description of antifungal susceptibility of yeast-like fungi in dermal lesions of dogs in Portugal: A 6-year pilot retrospective study (2018-2023)<\/a><\/p>\r\n<p class=\"issuem_article_byline\" style=\"margin-top:-20px\">By R. Lopes*, A. Garc\u00eas, A. Silva, P. Brilhante-Sim\u00f5es, \u00c2. Martins, L. Cardoso, E. L. Duarte and A. C. Coelho<\/p>\r\n<p class=\"issuem_article_byline\">\r\n<br>\r\n<\/p>\r\n\r\n<!--p class=\"issuem_article_content\"&gt;R. Lopes*, A. Garc\u00eas, A. Silva, P. Brilhante-Sim\u00f5es, \u00c2. Martins, L. Cardoso, E. L. Duarte and A. C. Coelho Ricardo&lt;\/p-->\r\n\n<\/div><div class=\"issuem_article article-8670\">\n<p class=\"issuem_article_category\">Original scientific articles<\/p>\r\n<p><a class=\"issuem_article_link\" href=\"https:\/\/journal.h3s.org\/?article=prevalence-of-salmonella-spp-listeria-monocytogenes-campylobacter-spp-and-enterobacteriaceae-in-raw-pet-food\">Prevalence of <em>Salmonella<\/em> spp., <em>Listeria monocytogenes<\/em>, <em>Campylobacter<\/em> spp. and <em>Enterobacteriaceae<\/em> in raw pet food<\/a><\/p>\r\n<p class=\"issuem_article_byline\" style=\"margin-top:-20px\">By B. Boljkovac Begi\u0107*, K. N. Bara\u0107, M. Sabli\u0107, D. Mi\u0161eti\u0107 Ostoji\u0107, K. Kvrgi\u0107 and N. D\u017eafi\u0107<\/p>\r\n<p class=\"issuem_article_byline\">\r\n<br>\r\n<\/p>\r\n\r\n<!--p class=\"issuem_article_content\"&gt;B. Boljkovac Begi\u0107*, K. N. Bara\u0107, M. Sabli\u0107, D. Mi\u0161eti\u0107 Ostoji\u0107, K. Kvrgi\u0107 and N. D\u017eafi\u0107 Barbara BOLJKOVAC BEGI\u0106*, DVM,&lt;\/p-->\r\n\n<\/div><div class=\"issuem_article article-8658\">\n<p class=\"issuem_article_category\">Original scientific articles<\/p>\r\n<p><a class=\"issuem_article_link\" href=\"https:\/\/journal.h3s.org\/?article=radiological-assessment-of-dish-in-the-lumbar-and-lumbosacral-vertebrae-of-dogs\">Radiological Assessment of DISH in the Lumbar and Lumbosacral Vertebrae of Dogs<\/a><\/p>\r\n<p class=\"issuem_article_byline\" style=\"margin-top:-20px\">By D\u017eenita Had\u017eijunuzovi\u0107-Alagi\u0107 and Nejra Had\u017eimusi\u0107*<\/p>\r\n<p class=\"issuem_article_byline\">\r\n<br>\r\n<\/p>\r\n\r\n<!--p class=\"issuem_article_content\"&gt;D\u017eenita Had\u017eijunuzovi\u0107-Alagi\u0107 and Nejra Had\u017eimusi\u0107* D\u017eenita HAD\u017dIJUNUZOVI\u0106-ALAGI\u0106, DVM, PhD, Associate Professor, Nejra HAD\u017dIMUSI\u0106*, DVM, PhD, Associate Professor (Corresponding author, e-mail:&lt;\/p-->\r\n\n<\/div><div class=\"issuem_article article-8642\">\n<p class=\"issuem_article_category\">Review articles<\/p>\r\n<p><a class=\"issuem_article_link\" href=\"https:\/\/journal.h3s.org\/?article=the-importance-of-accepting-reviewer-duties-in-the-scientific-community\">The Importance of Accepting Reviewer Duties in the Scientific Community<\/a><\/p>\r\n<p class=\"issuem_article_byline\" style=\"margin-top:-20px\">By J. Prpi\u0107*, M. Bo\u017eikovi\u0107, M. Kamber, D. \u017delje\u017ei\u0107 and L. Jemer\u0161i\u0107<\/p>\r\n<p class=\"issuem_article_byline\">\r\n<br>\r\n<\/p>\r\n\r\n<!--p class=\"issuem_article_content\"&gt;J. Prpi\u0107*, M. Bo\u017eikovi\u0107, M. Kamber, D. \u017delje\u017ei\u0107 and L. Jemer\u0161i\u0107 Jelena PRPI\u0106*, BSC (Corresponding author, e-mail: balatinec@veinst.hr), Scientific Associate,&lt;\/p-->\r\n\n<\/div><div class=\"issuem_article article-8627\">\n<p class=\"issuem_article_category\">Review articles<\/p>\r\n<p><a class=\"issuem_article_link\" href=\"https:\/\/journal.h3s.org\/?article=current-diagnostic-techniques-primarily-used-in-veterinary-diagnostics-of-salmonella\">Current diagnostic techniques primarily used in veterinary diagnostics of <em>Salmonella<\/em><\/a><\/p>\r\n<p class=\"issuem_article_byline\" style=\"margin-top:-20px\">By M. Dopu\u0111, I. Reil*, M. Zdelar-Tuk, S. \u0160pi\u010di\u0107, A. Humski, D. Toma\u0161kovi\u0107, S. \u0160oprek Strugar, J. Avber\u0161ek, B. Papi\u0107 and S. Duvnjak<\/p>\r\n<p class=\"issuem_article_byline\">\r\n<br>\r\n<\/p>\r\n\r\n<!--p class=\"issuem_article_content\"&gt;M. Dopu\u0111, I. Reil*, M. Zdelar-Tuk, S. \u0160pi\u010di\u0107, A. Humski, D. Toma\u0161kovi\u0107, S. \u0160oprek Strugar, J. Avber\u0161ek, B. Papi\u0107 and&lt;\/p-->\r\n\n<\/div><div class=\"issuem_article article-8619\">\n<p class=\"issuem_article_category\">Review articles<\/p>\r\n<p><a class=\"issuem_article_link\" href=\"https:\/\/journal.h3s.org\/?article=lymphoma-in-cats-contemporary-perspectives\">Lymphoma in Cats: Contemporary perspectives<\/a><\/p>\r\n<p class=\"issuem_article_byline\" style=\"margin-top:-20px\">By Dmytro Bilyi* and Oleksandr Suprunenko<\/p>\r\n<p class=\"issuem_article_byline\">\r\n<br>\r\n<\/p>\r\n\r\n<!--p class=\"issuem_article_content\"&gt;Dmytro Bilyi* and Oleksandr Suprunenko Dmytro BILYI*, DVM, Professor, (Corresponding author, e-mail: dmdmbeliy@ukr.net), Oleksandr SUPRUNENKO, Postgraduate, Faculty of Veterinary Medicine,&lt;\/p-->\r\n\n<\/div><div class=\"issuem_article article-8609\">\n<p class=\"issuem_article_category\">Review articles<\/p>\r\n<p><a class=\"issuem_article_link\" href=\"https:\/\/journal.h3s.org\/?article=hemogram-in-cattle-understanding-normal-values-and-variations\">Hemogram in cattle &#8211; understanding normal values and variations<\/a><\/p>\r\n<p class=\"issuem_article_byline\" style=\"margin-top:-20px\">By V. Benko, H. Capak*, P. Brati\u0107 and S. Faraguna<\/p>\r\n<p class=\"issuem_article_byline\">\r\n<br>\r\n<\/p>\r\n\r\n<!--p class=\"issuem_article_content\"&gt;V. Benko, H. Capak*, P. Brati\u0107 and S. Faraguna Valerija BENKO, DVM, PhD, Expert Associate, Hrvoje CAPAK*, (Corresponding author, e-mail:&lt;\/p-->\r\n\n<\/div><div class=\"issuem_article article-8602\">\n<p class=\"issuem_article_category\">Review articles<\/p>\r\n<p><a class=\"issuem_article_link\" href=\"https:\/\/journal.h3s.org\/?article=exploring-key-biomarkers-in-canine-cutaneous-squamous-cell-carcinoma\">Exploring Key Biomarkers in Canine Cutaneous Squamous Cell Carcinoma<\/a><\/p>\r\n<p class=\"issuem_article_byline\" style=\"margin-top:-20px\">By C. Cardoso, R. Files, J. Prada, F. Silva and I. Pires*<\/p>\r\n<p class=\"issuem_article_byline\">\r\n<br>\r\n<\/p>\r\n\r\n<!--p class=\"issuem_article_content\"&gt;C. Cardoso, R. Files, J. Prada, F. Silva and I. Pires* Cl\u00e1udia CARDOSO, DVM, MSc, CECAV, Rita FILES, MSc,; Justina&lt;\/p-->\r\n\n<\/div><div class=\"issuem_article article-8591\">\n<p class=\"issuem_article_category\">Review articles<\/p>\r\n<p><a class=\"issuem_article_link\" href=\"https:\/\/journal.h3s.org\/?article=control-of-glyphosate-residues-in-food-in-the-european-union-in-the-period-2007-2022\">Control of glyphosate residues in food in the European union in the period 2007-2022<\/a><\/p>\r\n<p class=\"issuem_article_byline\" style=\"margin-top:-20px\">By M. Den\u017ei\u0107 Lugomer*, D. Pavli\u010dek and T. Novosel<\/p>\r\n<p class=\"issuem_article_byline\">\r\n<br>\r\n<\/p>\r\n\r\n<!--p class=\"issuem_article_content\"&gt;M. Den\u017ei\u0107 Lugomer*, D. Pavli\u010dek and T. Novosel Marija DEN\u017dI\u0106 LUGOMER*, PhD, Grad. Eng. Chem., (Corresponding author, e-mail: denzic.vzk@veinst.hr), Damir&lt;\/p-->\r\n\n<\/div><div class=\"issuem_article article-8576\">\n<p class=\"issuem_article_category\">Review articles<\/p>\r\n<p><a class=\"issuem_article_link\" href=\"https:\/\/journal.h3s.org\/?article=a-review-of-retained-placenta-in-bovines-risks-diagnosis-treatment-and-control\">A review of retained placenta in bovines &#8211; risks, diagnosis, treatment, and control<\/a><\/p>\r\n<p class=\"issuem_article_byline\" style=\"margin-top:-20px\">By H. Kohsari*, K. Berenjian and F. Mohammadi<\/p>\r\n<p class=\"issuem_article_byline\">\r\n<br>\r\n<\/p>\r\n\r\n<!--p class=\"issuem_article_content\"&gt;H. Kohsari*, K. Berenjian and F. Mohammadi Hesam KOHSARI*, Department of Veterinary, Agriculture Faculty, Kermanshah Branch, Islamic Azad University, Kermanshah,&lt;\/p-->\r\n\n<\/div><div class=\"issuem_article article-8564\">\n<p class=\"issuem_article_category\">Professional paper<\/p>\r\n<p><a class=\"issuem_article_link\" href=\"https:\/\/journal.h3s.org\/?article=local-skin-reaction-to-intramuscular-administration-of-enrofloxacin-in-pythons\">Local skin reaction to intramuscular administration of enrofloxacin in pythons<\/a><\/p>\r\n<p class=\"issuem_article_byline\" style=\"margin-top:-20px\">By Josip Miljkovi\u0107* and Dra\u017een \u0110uri\u010di\u0107<\/p>\r\n<p class=\"issuem_article_byline\">\r\n<br>\r\n<\/p>\r\n\r\n<!--p class=\"issuem_article_content\"&gt;Josip Miljkovi\u0107* and Dra\u017een \u0110uri\u010di\u0107 Josip MILJKOVI\u0106*, DVM, (Corresponding author. E-mail: jmiljkovic@vef.unizg.hr), Dra\u017een \u0110URI\u010cI\u0106, DVM, PhD, Assistant Professor, Faculty of&lt;\/p-->\r\n\n<\/div><div class=\"issuem_article article-8553\">\n<p class=\"issuem_article_category\">Professional paper<\/p>\r\n<p><a class=\"issuem_article_link\" href=\"https:\/\/journal.h3s.org\/?article=efficient-management-of-sample-reception-and-documentation-at-the-croatian-veterinary-institute-zagreb-croatia\">Efficient Management of Sample Reception and Documentation at the Croatian Veterinary Institute, Zagreb, Croatia<\/a><\/p>\r\n<p class=\"issuem_article_byline\" style=\"margin-top:-20px\">By Darko \u017delje\u017ei\u0107*<\/p>\r\n<p class=\"issuem_article_byline\">\r\n<br>\r\n<\/p>\r\n\r\n<!--p class=\"issuem_article_content\"&gt;Darko \u017delje\u017ei\u0107* Darko \u017dELJE\u017dI\u0106*, DVM, (Corresponding author, e-mail: zeljezic@veinst.hr), Expert Advisor, Croatian Veterinary Institute, Zagreb, Croatia https:\/\/doi.org\/10.46419\/vs.56.6.8 AbstractIntroductionSample ReceptionDocumentationTechnology in&lt;\/p-->\r\n\n<\/div><\/div>\n","protected":false},"excerpt":{"rendered":"","protected":false},"author":8,"featured_media":0,"parent":0,"menu_order":0,"comment_status":"closed","ping_status":"closed","template":"","meta":{"footnotes":""},"class_list":["post-48","page","type-page","status-publish","hentry"],"yoast_head":"<!-- This site is optimized with the Yoast SEO plugin v26.6 - https:\/\/yoast.com\/wordpress\/plugins\/seo\/ -->\n<title>Content - CROATIAN VETERINARY JOURNAL<\/title>\n<meta name=\"robots\" content=\"index, follow, max-snippet:-1, max-image-preview:large, max-video-preview:-1\" \/>\n<link rel=\"canonical\" href=\"https:\/\/journal.h3s.org\/?page_id=48\" \/>\n<meta property=\"og:locale\" content=\"en_GB\" \/>\n<meta property=\"og:type\" content=\"article\" \/>\n<meta property=\"og:title\" content=\"Content - CROATIAN VETERINARY JOURNAL\" \/>\n<meta property=\"og:url\" content=\"https:\/\/journal.h3s.org\/?page_id=48\" \/>\n<meta property=\"og:site_name\" content=\"CROATIAN VETERINARY JOURNAL\" \/>\n<meta property=\"article:publisher\" content=\"https:\/\/www.facebook.com\/pages\/Hrvatski%20Veterinarski%20Institut\/291017291058567\/\" \/>\n<meta property=\"article:modified_time\" content=\"2023-06-28T13:25:51+00:00\" \/>\n<meta name=\"twitter:card\" content=\"summary_large_image\" \/>\n<meta name=\"twitter:label1\" content=\"Estimated reading time\" \/>\n\t<meta name=\"twitter:data1\" content=\"1 minute\" \/>\n<script type=\"application\/ld+json\" class=\"yoast-schema-graph\">{\"@context\":\"https:\/\/schema.org\",\"@graph\":[{\"@type\":\"WebPage\",\"@id\":\"https:\/\/journal.h3s.org\/?page_id=48\",\"url\":\"https:\/\/journal.h3s.org\/?page_id=48\",\"name\":\"Content - CROATIAN VETERINARY JOURNAL\",\"isPartOf\":{\"@id\":\"https:\/\/journal.h3s.org\/#website\"},\"datePublished\":\"2021-03-17T15:50:42+00:00\",\"dateModified\":\"2023-06-28T13:25:51+00:00\",\"breadcrumb\":{\"@id\":\"https:\/\/journal.h3s.org\/?page_id=48#breadcrumb\"},\"inLanguage\":\"en-GB\",\"potentialAction\":[{\"@type\":\"ReadAction\",\"target\":[\"https:\/\/journal.h3s.org\/?page_id=48\"]}]},{\"@type\":\"BreadcrumbList\",\"@id\":\"https:\/\/journal.h3s.org\/?page_id=48#breadcrumb\",\"itemListElement\":[{\"@type\":\"ListItem\",\"position\":1,\"name\":\"Home\",\"item\":\"https:\/\/journal.h3s.org\/\"},{\"@type\":\"ListItem\",\"position\":2,\"name\":\"Content\"}]},{\"@type\":\"WebSite\",\"@id\":\"https:\/\/journal.h3s.org\/#website\",\"url\":\"https:\/\/journal.h3s.org\/\",\"name\":\"VETERINARSKA STANICA\",\"description\":\"Journal of Croatian Veterinary Institute\",\"publisher\":{\"@id\":\"https:\/\/journal.h3s.org\/#organization\"},\"potentialAction\":[{\"@type\":\"SearchAction\",\"target\":{\"@type\":\"EntryPoint\",\"urlTemplate\":\"https:\/\/journal.h3s.org\/?s={search_term_string}\"},\"query-input\":{\"@type\":\"PropertyValueSpecification\",\"valueRequired\":true,\"valueName\":\"search_term_string\"}}],\"inLanguage\":\"en-GB\"},{\"@type\":\"Organization\",\"@id\":\"https:\/\/journal.h3s.org\/#organization\",\"name\":\"Veterinarska stanica\",\"url\":\"https:\/\/journal.h3s.org\/\",\"logo\":{\"@type\":\"ImageObject\",\"inLanguage\":\"en-GB\",\"@id\":\"https:\/\/journal.h3s.org\/#\/schema\/logo\/image\/\",\"url\":\"https:\/\/veterinarska-stanica-journal.hr\/wp-content\/uploads\/2021\/03\/veterinarska-stanica-casopis-hvi-728.png\",\"contentUrl\":\"https:\/\/veterinarska-stanica-journal.hr\/wp-content\/uploads\/2021\/03\/veterinarska-stanica-casopis-hvi-728.png\",\"width\":728,\"height\":90,\"caption\":\"Veterinarska stanica\"},\"image\":{\"@id\":\"https:\/\/journal.h3s.org\/#\/schema\/logo\/image\/\"},\"sameAs\":[\"https:\/\/www.facebook.com\/pages\/Hrvatski Veterinarski Institut\/291017291058567\/\",\"https:\/\/www.linkedin.com\/company\/croatian-veterinary-institute\/\",\"https:\/\/www.youtube.com\/watch?v=BFn739WHdcU&amp;amp;amp;t=2s\"]}]}<\/script>\n<!-- \/ Yoast SEO plugin. -->","yoast_head_json":{"title":"Content - CROATIAN VETERINARY JOURNAL","robots":{"index":"index","follow":"follow","max-snippet":"max-snippet:-1","max-image-preview":"max-image-preview:large","max-video-preview":"max-video-preview:-1"},"canonical":"https:\/\/journal.h3s.org\/?page_id=48","og_locale":"en_GB","og_type":"article","og_title":"Content - CROATIAN VETERINARY JOURNAL","og_url":"https:\/\/journal.h3s.org\/?page_id=48","og_site_name":"CROATIAN VETERINARY JOURNAL","article_publisher":"https:\/\/www.facebook.com\/pages\/Hrvatski%20Veterinarski%20Institut\/291017291058567\/","article_modified_time":"2023-06-28T13:25:51+00:00","twitter_card":"summary_large_image","twitter_misc":{"Estimated reading time":"1 minute"},"schema":{"@context":"https:\/\/schema.org","@graph":[{"@type":"WebPage","@id":"https:\/\/journal.h3s.org\/?page_id=48","url":"https:\/\/journal.h3s.org\/?page_id=48","name":"Content - CROATIAN VETERINARY JOURNAL","isPartOf":{"@id":"https:\/\/journal.h3s.org\/#website"},"datePublished":"2021-03-17T15:50:42+00:00","dateModified":"2023-06-28T13:25:51+00:00","breadcrumb":{"@id":"https:\/\/journal.h3s.org\/?page_id=48#breadcrumb"},"inLanguage":"en-GB","potentialAction":[{"@type":"ReadAction","target":["https:\/\/journal.h3s.org\/?page_id=48"]}]},{"@type":"BreadcrumbList","@id":"https:\/\/journal.h3s.org\/?page_id=48#breadcrumb","itemListElement":[{"@type":"ListItem","position":1,"name":"Home","item":"https:\/\/journal.h3s.org\/"},{"@type":"ListItem","position":2,"name":"Content"}]},{"@type":"WebSite","@id":"https:\/\/journal.h3s.org\/#website","url":"https:\/\/journal.h3s.org\/","name":"VETERINARSKA STANICA","description":"Journal of Croatian Veterinary Institute","publisher":{"@id":"https:\/\/journal.h3s.org\/#organization"},"potentialAction":[{"@type":"SearchAction","target":{"@type":"EntryPoint","urlTemplate":"https:\/\/journal.h3s.org\/?s={search_term_string}"},"query-input":{"@type":"PropertyValueSpecification","valueRequired":true,"valueName":"search_term_string"}}],"inLanguage":"en-GB"},{"@type":"Organization","@id":"https:\/\/journal.h3s.org\/#organization","name":"Veterinarska stanica","url":"https:\/\/journal.h3s.org\/","logo":{"@type":"ImageObject","inLanguage":"en-GB","@id":"https:\/\/journal.h3s.org\/#\/schema\/logo\/image\/","url":"https:\/\/veterinarska-stanica-journal.hr\/wp-content\/uploads\/2021\/03\/veterinarska-stanica-casopis-hvi-728.png","contentUrl":"https:\/\/veterinarska-stanica-journal.hr\/wp-content\/uploads\/2021\/03\/veterinarska-stanica-casopis-hvi-728.png","width":728,"height":90,"caption":"Veterinarska stanica"},"image":{"@id":"https:\/\/journal.h3s.org\/#\/schema\/logo\/image\/"},"sameAs":["https:\/\/www.facebook.com\/pages\/Hrvatski Veterinarski Institut\/291017291058567\/","https:\/\/www.linkedin.com\/company\/croatian-veterinary-institute\/","https:\/\/www.youtube.com\/watch?v=BFn739WHdcU&amp;amp;amp;t=2s"]}]}},"_links":{"self":[{"href":"https:\/\/journal.h3s.org\/index.php?rest_route=\/wp\/v2\/pages\/48","targetHints":{"allow":["GET"]}}],"collection":[{"href":"https:\/\/journal.h3s.org\/index.php?rest_route=\/wp\/v2\/pages"}],"about":[{"href":"https:\/\/journal.h3s.org\/index.php?rest_route=\/wp\/v2\/types\/page"}],"author":[{"embeddable":true,"href":"https:\/\/journal.h3s.org\/index.php?rest_route=\/wp\/v2\/users\/8"}],"replies":[{"embeddable":true,"href":"https:\/\/journal.h3s.org\/index.php?rest_route=%2Fwp%2Fv2%2Fcomments&post=48"}],"version-history":[{"count":37,"href":"https:\/\/journal.h3s.org\/index.php?rest_route=\/wp\/v2\/pages\/48\/revisions"}],"predecessor-version":[{"id":6607,"href":"https:\/\/journal.h3s.org\/index.php?rest_route=\/wp\/v2\/pages\/48\/revisions\/6607"}],"wp:attachment":[{"href":"https:\/\/journal.h3s.org\/index.php?rest_route=%2Fwp%2Fv2%2Fmedia&parent=48"}],"curies":[{"name":"wp","href":"https:\/\/api.w.org\/{rel}","templated":true}]}}