{"id":14,"date":"2021-01-17T15:12:45","date_gmt":"2021-01-17T14:12:45","guid":{"rendered":"https:\/\/veterinarska-stanica-journal.hr\/?page_id=14"},"modified":"2023-12-10T16:06:03","modified_gmt":"2023-12-10T15:06:03","slug":"kontakt","status":"publish","type":"page","link":"https:\/\/journal.h3s.org\/?page_id=14","title":{"rendered":"Editorial Board"},"content":{"rendered":"<h5>Address of the Editorium<\/h5>\n<p>Hrvatski veterinarski institut<br \/>\n10000 Zagreb, Savska cesta 143<br \/>\nHrvatska<br \/>\nTel. +385 (1) 6123 600<\/p>\n<h5><\/h5>\n<h5><\/h5>\n<h5>Editor-in-Chief<\/h5>\n<p><img loading=\"lazy\" decoding=\"async\" src=\"https:\/\/veterinarska-stanica-journal.hr\/wp-content\/uploads\/2021\/06\/MarkoSAMARDZIJA-170.jpg\" alt=\"\" width=\"170\" height=\"170\" class=\"alignleft size-full wp-image-3351\" srcset=\"https:\/\/journal.h3s.org\/wp-content\/uploads\/2021\/06\/MarkoSAMARDZIJA-170.jpg 170w, https:\/\/journal.h3s.org\/wp-content\/uploads\/2021\/06\/MarkoSAMARDZIJA-170-150x150.jpg 150w, https:\/\/journal.h3s.org\/wp-content\/uploads\/2021\/06\/MarkoSAMARDZIJA-170-120x120.jpg 120w\" sizes=\"auto, (max-width: 170px) 100vw, 170px\" \/>Prof. dr. sc. <strong>Marko Samard\u017eija<\/strong><br \/>\nVeterinarski fakultet Sveu\u010dili\u0161ta u Zagrebu, Heinzelova 55, 10000 Zagreb, Hrvatska<br \/>\nTel. +385 (1) 2390 321, fax: +385 (1) 2441 390<br \/>\nMob. +385 (91) 2390 157<br \/>\ne-mail: smarko@vef.hr<\/p>\n<p>&nbsp;<\/p>\n<h5><\/h5>\n<h5><\/h5>\n<h5>Associate editor<\/h5>\n<p><img loading=\"lazy\" decoding=\"async\" src=\"https:\/\/veterinarska-stanica-journal.hr\/wp-content\/uploads\/2021\/03\/ZeljkoCvetnic-170.jpg\" alt=\"\" width=\"170\" height=\"170\" class=\"alignleft size-full wp-image-699\" srcset=\"https:\/\/journal.h3s.org\/wp-content\/uploads\/2021\/03\/ZeljkoCvetnic-170.jpg 170w, https:\/\/journal.h3s.org\/wp-content\/uploads\/2021\/03\/ZeljkoCvetnic-170-150x150.jpg 150w\" sizes=\"auto, (max-width: 170px) 100vw, 170px\" \/>Akademik <strong>\u017deljko Cvetni\u0107<\/strong><br \/>\nHrvatski veterinarski institut \u2013 podru\u017enica Veterinarski zavod Kri\u017eevci, Kri\u017eevci, Hrvatska<br \/>\nTel. +385 (1) 6123 600, fax: +385 (1) 6190 841<br \/>\nMob. +385 (98) 238 192<br \/>\ne-mail: cvetnic@veinst.hr<\/p>\n<p>&nbsp;<\/p>\n<h5><\/h5>\n<h5><\/h5>\n<h5>Technical editor<\/h5>\n<p><img loading=\"lazy\" decoding=\"async\" src=\"https:\/\/veterinarska-stanica-journal.hr\/wp-content\/uploads\/2022\/10\/NinoMACESIC-2022-170.jpg\" alt=\"\" width=\"170\" height=\"170\" class=\"alignleft size-full wp-image-5469\" srcset=\"https:\/\/journal.h3s.org\/wp-content\/uploads\/2022\/10\/NinoMACESIC-2022-170.jpg 170w, https:\/\/journal.h3s.org\/wp-content\/uploads\/2022\/10\/NinoMACESIC-2022-170-150x150.jpg 150w, https:\/\/journal.h3s.org\/wp-content\/uploads\/2022\/10\/NinoMACESIC-2022-170-120x120.jpg 120w\" sizes=\"auto, (max-width: 170px) 100vw, 170px\" \/>Izv. prof. dr. sc. <strong>Nino Ma\u0107e\u0161i\u0107<\/strong><br \/>\nVeterinarski fakultet Sveu\u010dili\u0161ta u Zagrebu, Heinzelova 55, 10000 Zagreb, Hrvatska<br \/>\nTel. +385 (1) 2390 169, fax: +385 (1) 2441 390<br \/>\ne-mail: nmacesic@vef.hr<br \/>\n&nbsp;<\/p>\n<h5><\/h5>\n<h5><\/h5>\n","protected":false},"excerpt":{"rendered":"<p>Address of the Editorium Hrvatski veterinarski institut 10000 Zagreb, Savska cesta 143 Hrvatska Tel. +385 (1) 6123 600 Editor-in-Chief Prof.<\/p>\n","protected":false},"author":8,"featured_media":0,"parent":0,"menu_order":0,"comment_status":"closed","ping_status":"closed","template":"page-templates\/contact.php","meta":{"footnotes":""},"class_list":["post-14","page","type-page","status-publish","hentry"],"yoast_head":"<!-- This site is optimized with the Yoast SEO plugin v26.6 - https:\/\/yoast.com\/wordpress\/plugins\/seo\/ -->\n<title>Editorial Board - CROATIAN VETERINARY JOURNAL<\/title>\n<meta name=\"description\" content=\"veterinarska stanica uredni\u0161tvo glavni urednik zamjenik glavnog urednika tehni\u010dki urednik\" \/>\n<meta name=\"robots\" content=\"index, follow, max-snippet:-1, max-image-preview:large, max-video-preview:-1\" \/>\n<link rel=\"canonical\" href=\"https:\/\/journal.h3s.org\/?page_id=14\" \/>\n<meta property=\"og:locale\" content=\"en_GB\" \/>\n<meta property=\"og:type\" content=\"article\" \/>\n<meta property=\"og:title\" content=\"Editorial Board - CROATIAN VETERINARY JOURNAL\" \/>\n<meta property=\"og:description\" content=\"veterinarska stanica uredni\u0161tvo glavni urednik zamjenik glavnog urednika tehni\u010dki urednik\" \/>\n<meta property=\"og:url\" content=\"https:\/\/journal.h3s.org\/?page_id=14\" \/>\n<meta property=\"og:site_name\" content=\"CROATIAN VETERINARY JOURNAL\" \/>\n<meta property=\"article:publisher\" content=\"https:\/\/www.facebook.com\/pages\/Hrvatski%20Veterinarski%20Institut\/291017291058567\/\" \/>\n<meta property=\"article:modified_time\" content=\"2023-12-10T15:06:03+00:00\" \/>\n<meta property=\"og:image\" content=\"https:\/\/veterinarska-stanica-journal.hr\/wp-content\/uploads\/2021\/06\/MarkoSAMARDZIJA-170.jpg\" \/>\n<meta name=\"twitter:card\" content=\"summary_large_image\" \/>\n<meta name=\"twitter:label1\" content=\"Estimated reading time\" \/>\n\t<meta name=\"twitter:data1\" content=\"2 minutes\" \/>\n<script type=\"application\/ld+json\" class=\"yoast-schema-graph\">{\"@context\":\"https:\/\/schema.org\",\"@graph\":[{\"@type\":\"WebPage\",\"@id\":\"https:\/\/journal.h3s.org\/?page_id=14\",\"url\":\"https:\/\/journal.h3s.org\/?page_id=14\",\"name\":\"Editorial Board - CROATIAN VETERINARY JOURNAL\",\"isPartOf\":{\"@id\":\"https:\/\/journal.h3s.org\/#website\"},\"primaryImageOfPage\":{\"@id\":\"https:\/\/journal.h3s.org\/?page_id=14#primaryimage\"},\"image\":{\"@id\":\"https:\/\/journal.h3s.org\/?page_id=14#primaryimage\"},\"thumbnailUrl\":\"https:\/\/veterinarska-stanica-journal.hr\/wp-content\/uploads\/2021\/06\/MarkoSAMARDZIJA-170.jpg\",\"datePublished\":\"2021-01-17T14:12:45+00:00\",\"dateModified\":\"2023-12-10T15:06:03+00:00\",\"description\":\"veterinarska stanica uredni\u0161tvo glavni urednik zamjenik glavnog urednika tehni\u010dki urednik\",\"breadcrumb\":{\"@id\":\"https:\/\/journal.h3s.org\/?page_id=14#breadcrumb\"},\"inLanguage\":\"en-GB\",\"potentialAction\":[{\"@type\":\"ReadAction\",\"target\":[\"https:\/\/journal.h3s.org\/?page_id=14\"]}]},{\"@type\":\"ImageObject\",\"inLanguage\":\"en-GB\",\"@id\":\"https:\/\/journal.h3s.org\/?page_id=14#primaryimage\",\"url\":\"https:\/\/veterinarska-stanica-journal.hr\/wp-content\/uploads\/2021\/06\/MarkoSAMARDZIJA-170.jpg\",\"contentUrl\":\"https:\/\/veterinarska-stanica-journal.hr\/wp-content\/uploads\/2021\/06\/MarkoSAMARDZIJA-170.jpg\"},{\"@type\":\"BreadcrumbList\",\"@id\":\"https:\/\/journal.h3s.org\/?page_id=14#breadcrumb\",\"itemListElement\":[{\"@type\":\"ListItem\",\"position\":1,\"name\":\"Home\",\"item\":\"https:\/\/journal.h3s.org\/\"},{\"@type\":\"ListItem\",\"position\":2,\"name\":\"Editorial Board\"}]},{\"@type\":\"WebSite\",\"@id\":\"https:\/\/journal.h3s.org\/#website\",\"url\":\"https:\/\/journal.h3s.org\/\",\"name\":\"VETERINARSKA STANICA\",\"description\":\"Journal of Croatian Veterinary Institute\",\"publisher\":{\"@id\":\"https:\/\/journal.h3s.org\/#organization\"},\"potentialAction\":[{\"@type\":\"SearchAction\",\"target\":{\"@type\":\"EntryPoint\",\"urlTemplate\":\"https:\/\/journal.h3s.org\/?s={search_term_string}\"},\"query-input\":{\"@type\":\"PropertyValueSpecification\",\"valueRequired\":true,\"valueName\":\"search_term_string\"}}],\"inLanguage\":\"en-GB\"},{\"@type\":\"Organization\",\"@id\":\"https:\/\/journal.h3s.org\/#organization\",\"name\":\"Veterinarska stanica\",\"url\":\"https:\/\/journal.h3s.org\/\",\"logo\":{\"@type\":\"ImageObject\",\"inLanguage\":\"en-GB\",\"@id\":\"https:\/\/journal.h3s.org\/#\/schema\/logo\/image\/\",\"url\":\"https:\/\/veterinarska-stanica-journal.hr\/wp-content\/uploads\/2021\/03\/veterinarska-stanica-casopis-hvi-728.png\",\"contentUrl\":\"https:\/\/veterinarska-stanica-journal.hr\/wp-content\/uploads\/2021\/03\/veterinarska-stanica-casopis-hvi-728.png\",\"width\":728,\"height\":90,\"caption\":\"Veterinarska stanica\"},\"image\":{\"@id\":\"https:\/\/journal.h3s.org\/#\/schema\/logo\/image\/\"},\"sameAs\":[\"https:\/\/www.facebook.com\/pages\/Hrvatski Veterinarski Institut\/291017291058567\/\",\"https:\/\/www.linkedin.com\/company\/croatian-veterinary-institute\/\",\"https:\/\/www.youtube.com\/watch?v=BFn739WHdcU&amp;amp;amp;t=2s\"]}]}<\/script>\n<!-- \/ Yoast SEO plugin. -->","yoast_head_json":{"title":"Editorial Board - CROATIAN VETERINARY JOURNAL","description":"veterinarska stanica uredni\u0161tvo glavni urednik zamjenik glavnog urednika tehni\u010dki urednik","robots":{"index":"index","follow":"follow","max-snippet":"max-snippet:-1","max-image-preview":"max-image-preview:large","max-video-preview":"max-video-preview:-1"},"canonical":"https:\/\/journal.h3s.org\/?page_id=14","og_locale":"en_GB","og_type":"article","og_title":"Editorial Board - CROATIAN VETERINARY JOURNAL","og_description":"veterinarska stanica uredni\u0161tvo glavni urednik zamjenik glavnog urednika tehni\u010dki urednik","og_url":"https:\/\/journal.h3s.org\/?page_id=14","og_site_name":"CROATIAN VETERINARY JOURNAL","article_publisher":"https:\/\/www.facebook.com\/pages\/Hrvatski%20Veterinarski%20Institut\/291017291058567\/","article_modified_time":"2023-12-10T15:06:03+00:00","og_image":[{"url":"https:\/\/veterinarska-stanica-journal.hr\/wp-content\/uploads\/2021\/06\/MarkoSAMARDZIJA-170.jpg","type":"","width":"","height":""}],"twitter_card":"summary_large_image","twitter_misc":{"Estimated reading time":"2 minutes"},"schema":{"@context":"https:\/\/schema.org","@graph":[{"@type":"WebPage","@id":"https:\/\/journal.h3s.org\/?page_id=14","url":"https:\/\/journal.h3s.org\/?page_id=14","name":"Editorial Board - CROATIAN VETERINARY JOURNAL","isPartOf":{"@id":"https:\/\/journal.h3s.org\/#website"},"primaryImageOfPage":{"@id":"https:\/\/journal.h3s.org\/?page_id=14#primaryimage"},"image":{"@id":"https:\/\/journal.h3s.org\/?page_id=14#primaryimage"},"thumbnailUrl":"https:\/\/veterinarska-stanica-journal.hr\/wp-content\/uploads\/2021\/06\/MarkoSAMARDZIJA-170.jpg","datePublished":"2021-01-17T14:12:45+00:00","dateModified":"2023-12-10T15:06:03+00:00","description":"veterinarska stanica uredni\u0161tvo glavni urednik zamjenik glavnog urednika tehni\u010dki urednik","breadcrumb":{"@id":"https:\/\/journal.h3s.org\/?page_id=14#breadcrumb"},"inLanguage":"en-GB","potentialAction":[{"@type":"ReadAction","target":["https:\/\/journal.h3s.org\/?page_id=14"]}]},{"@type":"ImageObject","inLanguage":"en-GB","@id":"https:\/\/journal.h3s.org\/?page_id=14#primaryimage","url":"https:\/\/veterinarska-stanica-journal.hr\/wp-content\/uploads\/2021\/06\/MarkoSAMARDZIJA-170.jpg","contentUrl":"https:\/\/veterinarska-stanica-journal.hr\/wp-content\/uploads\/2021\/06\/MarkoSAMARDZIJA-170.jpg"},{"@type":"BreadcrumbList","@id":"https:\/\/journal.h3s.org\/?page_id=14#breadcrumb","itemListElement":[{"@type":"ListItem","position":1,"name":"Home","item":"https:\/\/journal.h3s.org\/"},{"@type":"ListItem","position":2,"name":"Editorial Board"}]},{"@type":"WebSite","@id":"https:\/\/journal.h3s.org\/#website","url":"https:\/\/journal.h3s.org\/","name":"VETERINARSKA STANICA","description":"Journal of Croatian Veterinary Institute","publisher":{"@id":"https:\/\/journal.h3s.org\/#organization"},"potentialAction":[{"@type":"SearchAction","target":{"@type":"EntryPoint","urlTemplate":"https:\/\/journal.h3s.org\/?s={search_term_string}"},"query-input":{"@type":"PropertyValueSpecification","valueRequired":true,"valueName":"search_term_string"}}],"inLanguage":"en-GB"},{"@type":"Organization","@id":"https:\/\/journal.h3s.org\/#organization","name":"Veterinarska stanica","url":"https:\/\/journal.h3s.org\/","logo":{"@type":"ImageObject","inLanguage":"en-GB","@id":"https:\/\/journal.h3s.org\/#\/schema\/logo\/image\/","url":"https:\/\/veterinarska-stanica-journal.hr\/wp-content\/uploads\/2021\/03\/veterinarska-stanica-casopis-hvi-728.png","contentUrl":"https:\/\/veterinarska-stanica-journal.hr\/wp-content\/uploads\/2021\/03\/veterinarska-stanica-casopis-hvi-728.png","width":728,"height":90,"caption":"Veterinarska stanica"},"image":{"@id":"https:\/\/journal.h3s.org\/#\/schema\/logo\/image\/"},"sameAs":["https:\/\/www.facebook.com\/pages\/Hrvatski Veterinarski Institut\/291017291058567\/","https:\/\/www.linkedin.com\/company\/croatian-veterinary-institute\/","https:\/\/www.youtube.com\/watch?v=BFn739WHdcU&amp;amp;amp;t=2s"]}]}},"_links":{"self":[{"href":"https:\/\/journal.h3s.org\/index.php?rest_route=\/wp\/v2\/pages\/14","targetHints":{"allow":["GET"]}}],"collection":[{"href":"https:\/\/journal.h3s.org\/index.php?rest_route=\/wp\/v2\/pages"}],"about":[{"href":"https:\/\/journal.h3s.org\/index.php?rest_route=\/wp\/v2\/types\/page"}],"author":[{"embeddable":true,"href":"https:\/\/journal.h3s.org\/index.php?rest_route=\/wp\/v2\/users\/8"}],"replies":[{"embeddable":true,"href":"https:\/\/journal.h3s.org\/index.php?rest_route=%2Fwp%2Fv2%2Fcomments&post=14"}],"version-history":[{"count":18,"href":"https:\/\/journal.h3s.org\/index.php?rest_route=\/wp\/v2\/pages\/14\/revisions"}],"predecessor-version":[{"id":7048,"href":"https:\/\/journal.h3s.org\/index.php?rest_route=\/wp\/v2\/pages\/14\/revisions\/7048"}],"wp:attachment":[{"href":"https:\/\/journal.h3s.org\/index.php?rest_route=%2Fwp%2Fv2%2Fmedia&parent=14"}],"curies":[{"name":"wp","href":"https:\/\/api.w.org\/{rel}","templated":true}]}}